{"id":9322,"date":"2023-09-06T16:02:21","date_gmt":"2023-09-06T14:02:21","guid":{"rendered":"http:\/\/kit.pef.czu.cz\/?page_id=9322"},"modified":"2023-09-06T16:53:41","modified_gmt":"2023-09-06T14:53:41","slug":"bakalarsky-a-diplomantsky-seminar","status":"publish","type":"page","link":"https:\/\/kit.pef.czu.cz\/en\/bakalarsky-a-diplomantsky-seminar\/","title":{"rendered":"Bachelor and graduate seminar"},"content":{"rendered":"<p class=\"has-text-align-left\"><strong>The Department of Information Technologies organizes a separate series of professional lectures on current topics in the field of Information and Communication Technologies. The cycle of lectures always takes place in WS and LS (period February to April).<\/strong><\/p>\n\n\n\n<div class=\"wp-block-gutenverse-divider guten-element guten-divider guten-5xHhsj\"><div class=\"guten-divider-wrapper\"><div class=\"guten-divider-default guten-divider-line guten-divider-regular\"><\/div><\/div><\/div>\n\n\n\n<h3 class=\"wp-block-gutenverse-heading guten-element guten-4uqZZM\">Current year BS<\/h3>\n\n\n\n<h6 class=\"wp-block-gutenverse-heading guten-element guten-Jatcg7\">Information, instructions, schedule of lectures<\/h6>\n\n\n\n\t\t\t<div class=\"wp-block-uagb-post-grid uagb-post-grid prednasky_aktualni uagb-post__image-position-top uagb-post__image-disabled uagb-block-54012846     uagb-post__items uagb-post__columns-1 is-grid uagb-post__columns-tablet-2 uagb-post__columns-mobile-1 uagb-equal_height_inline-read-more-buttons\" data-total=\"28\" style=\"\">\n\n\t\t\t\t\t\t\t\t\t\t\t\t<article class=\"uagb-post__inner-wrap\">\t\t\t\t\t\t\t\t<h4 class=\"uagb-post__title uagb-post__text\">\n\t\t\t\t<a href=\"https:\/\/kit.pef.czu.cz\/en\/zpravy-akce-prednasky\/bakalarsky-seminar-pro-szz-2026\/\" target=\"_blank\" rel=\"bookmark noopener noreferrer\">Bachelor seminar for FSE 2026<\/a>\n\t\t\t<\/h4>\n\t\t\t\t\t\t<div class='uagb-post__text uagb-post-grid-byline'>\n\t\t\t\t\t\t\t\t<time datetime=\"2025-11-26T12:32:16+01:00\" class=\"uagb-post__date\">\n\t\t\t\t<span class=\"dashicons-calendar dashicons\"><\/span>\t\t\t\t\t26. 11. 2025\t\t\t\t<\/time>\n\t\t\t\t\t\t<\/div>\n\t\t\t\t\t\t\t<div class='uagb-post__text uagb-post__excerpt'>\n\t\t\t\t\t<p>A series of KIT bachelor seminars is taking place from January 13, 2026. The seminars are intended for all\u2026\t\t\t\t<\/div>\n\t\t\t\t\t\t<div class=\"uagb-post__text uagb-post__cta wp-block-button\">\n\t\t\t\t<a class=\"wp-block-button__link uagb-text-link\" style=\"\" href=\"https:\/\/kit.pef.czu.cz\/en\/zpravy-akce-prednasky\/bakalarsky-seminar-pro-szz-2026\/\" target=\"_blank\" rel=\"bookmark noopener noreferrer\">Read More<\/a>\n\t\t\t<\/div>\n\t\t\t\n\t\t\t\t\t\t\t\t\t<\/article>\n\t\t\t\t\t\t\t\t\t\t\t\t\t<div class=\"uagb-post-pagination-wrap\">\n\t\t\t\t\t\t\t\t\t\t\t<\/div>\n\t\t\t\t\t\t\t\t<\/div>\n\t\t\t\n\n\n<h3 class=\"wp-block-gutenverse-heading guten-element guten-ksayBC\">Current DS year<\/h3>\n\n\n\n<h6 class=\"wp-block-gutenverse-heading guten-element guten-SqAF1A\">Information, instructions, schedule of lectures<\/h6>\n\n\n\n\t\t\t<div class=\"wp-block-uagb-post-grid uagb-post-grid prednasky_aktualni uagb-post__image-position-top uagb-post__image-disabled uagb-block-06cd67ba     uagb-post__items uagb-post__columns-1 is-grid uagb-post__columns-tablet-2 uagb-post__columns-mobile-1 uagb-equal_height_inline-read-more-buttons\" data-total=\"31\" style=\"\">\n\n\t\t\t\t\t\t\t\t\t\t\t\t<article class=\"uagb-post__inner-wrap\">\t\t\t\t\t\t\t\t<h4 class=\"uagb-post__title uagb-post__text\">\n\t\t\t\t<a href=\"https:\/\/kit.pef.czu.cz\/en\/zpravy-akce-prednasky\/zprava-z-diplomantskeho-seminare-kit-2026\/\" target=\"_blank\" rel=\"bookmark noopener noreferrer\">Report from the KIT 2026 graduate seminar<\/a>\n\t\t\t<\/h4>\n\t\t\t\t\t\t<div class='uagb-post__text uagb-post-grid-byline'>\n\t\t\t\t\t\t\t\t<time datetime=\"2026-03-31T23:06:08+02:00\" class=\"uagb-post__date\">\n\t\t\t\t<span class=\"dashicons-calendar dashicons\"><\/span>\t\t\t\t\t31. 3. 2026\t\t\t\t<\/time>\n\t\t\t\t\t\t<\/div>\n\t\t\t\t\t\t\t<div class='uagb-post__text uagb-post__excerpt'>\n\t\t\t\t\t<p>Diploma seminar - KIT scientific research workshop, organized by the Department of Information Technology of the Faculty of Economics and Business Administration of the Czech University of Life Sciences in Prague,\u2026\t\t\t\t<\/div>\n\t\t\t\t\t\t<div class=\"uagb-post__text uagb-post__cta wp-block-button\">\n\t\t\t\t<a class=\"wp-block-button__link uagb-text-link\" style=\"\" href=\"https:\/\/kit.pef.czu.cz\/en\/zpravy-akce-prednasky\/zprava-z-diplomantskeho-seminare-kit-2026\/\" target=\"_blank\" rel=\"bookmark noopener noreferrer\">Read More<\/a>\n\t\t\t<\/div>\n\t\t\t\n\t\t\t\t\t\t\t\t\t<\/article>\n\t\t\t\t\t\t\t\t\t\t\t\t\t<div class=\"uagb-post-pagination-wrap\">\n\t\t\t\t\t\t\t\t\t\t\t<\/div>\n\t\t\t\t\t\t\t\t<\/div>\n\t\t\t\n\n\n<div class=\"wp-block-gutenverse-divider guten-element guten-divider guten-prgtFe\"><div class=\"guten-divider-wrapper\"><div class=\"guten-divider-default guten-divider-line guten-divider-regular\"><\/div><\/div><\/div>\n\n\n\n<h3 class=\"wp-block-gutenverse-heading guten-element guten-8qwxVm\">Archive BS<\/h3>\n\n\n\n\t\t\t<div class=\"wp-block-uagb-post-grid uagb-post-grid prednasky_aktualni uagb-post__image-position-top uagb-post__image-disabled uagb-block-f6099f92     uagb-post__items uagb-post__columns-1 is-grid uagb-post__columns-tablet-2 uagb-post__columns-mobile-1 uagb-equal_height_inline-read-more-buttons\" data-total=\"6\" style=\"\">\n\n\t\t\t\t\t\t\t\t\t\t\t\t<article class=\"uagb-post__inner-wrap\">\t\t\t\t\t\t\t\t<h4 class=\"uagb-post__title uagb-post__text\">\n\t\t\t\t<a href=\"https:\/\/kit.pef.czu.cz\/en\/zpravy-akce-prednasky\/bakalarsky-seminar-pro-szz-2026\/\" target=\"_blank\" rel=\"bookmark noopener noreferrer\">Bachelor seminar for FSE 2026<\/a>\n\t\t\t<\/h4>\n\t\t\t\t\t\t<div class='uagb-post__text uagb-post-grid-byline'>\n\t\t\t\t\t\t\t\t<time datetime=\"2025-11-26T12:32:16+01:00\" class=\"uagb-post__date\">\n\t\t\t\t<span class=\"dashicons-calendar dashicons\"><\/span>\t\t\t\t\t26. 11. 2025\t\t\t\t<\/time>\n\t\t\t\t\t\t<\/div>\n\t\t\t\t\t\t\t<div class='uagb-post__text uagb-post__excerpt'>\n\t\t\t\t\t<p>A series of KIT bachelor seminars is taking place from January 13, 2026. The seminars are intended for all\u2026\t\t\t\t<\/div>\n\t\t\t\t\t\t<div class=\"uagb-post__text uagb-post__cta wp-block-button\">\n\t\t\t\t<a class=\"wp-block-button__link uagb-text-link\" style=\"\" href=\"https:\/\/kit.pef.czu.cz\/en\/zpravy-akce-prednasky\/bakalarsky-seminar-pro-szz-2026\/\" target=\"_blank\" rel=\"bookmark noopener noreferrer\">Read More<\/a>\n\t\t\t<\/div>\n\t\t\t\n\t\t\t\t\t\t\t\t\t<\/article>\n\t\t\t\t\t\t\t\t\t\t\t\t\t\t\t\t<article class=\"uagb-post__inner-wrap\">\t\t\t\t\t\t\t\t<h4 class=\"uagb-post__title uagb-post__text\">\n\t\t\t\t<a href=\"https:\/\/kit.pef.czu.cz\/en\/zpravy-akce-prednasky\/nahradni-bp-dp-seminar-zs-2025\/\" target=\"_blank\" rel=\"bookmark noopener noreferrer\">Substitute BP\/DP seminar WS 2025<\/a>\n\t\t\t<\/h4>\n\t\t\t\t\t\t<div class='uagb-post__text uagb-post-grid-byline'>\n\t\t\t\t\t\t\t\t<time datetime=\"2025-09-17T10:29:28+02:00\" class=\"uagb-post__date\">\n\t\t\t\t<span class=\"dashicons-calendar dashicons\"><\/span>\t\t\t\t\t17. 9. 2025\t\t\t\t<\/time>\n\t\t\t\t\t\t<\/div>\n\t\t\t\t\t\t\t<div class='uagb-post__text uagb-post__excerpt'>\n\t\t\t\t\t<p>The replacement diploma\/bachelor&#039;s seminar is intended for all students who are working on DP\/BP at KIT - term...\t\t\t\t<\/div>\n\t\t\t\t\t\t<div class=\"uagb-post__text uagb-post__cta wp-block-button\">\n\t\t\t\t<a class=\"wp-block-button__link uagb-text-link\" style=\"\" href=\"https:\/\/kit.pef.czu.cz\/en\/zpravy-akce-prednasky\/nahradni-bp-dp-seminar-zs-2025\/\" target=\"_blank\" rel=\"bookmark noopener noreferrer\">Read More<\/a>\n\t\t\t<\/div>\n\t\t\t\n\t\t\t\t\t\t\t\t\t<\/article>\n\t\t\t\t\t\t\t\t\t\t\t\t\t\t\t\t<article class=\"uagb-post__inner-wrap\">\t\t\t\t\t\t\t\t<h4 class=\"uagb-post__title uagb-post__text\">\n\t\t\t\t<a href=\"https:\/\/kit.pef.czu.cz\/en\/zpravy-akce-prednasky\/bakalarsky-seminar-pro-szz-2025\/\" target=\"_blank\" rel=\"bookmark noopener noreferrer\">Bachelor seminar for SZZ 2025<\/a>\n\t\t\t<\/h4>\n\t\t\t\t\t\t<div class='uagb-post__text uagb-post-grid-byline'>\n\t\t\t\t\t\t\t\t<time datetime=\"2024-12-10T15:00:53+01:00\" class=\"uagb-post__date\">\n\t\t\t\t<span class=\"dashicons-calendar dashicons\"><\/span>\t\t\t\t\t10. 12. 2024\t\t\t\t<\/time>\n\t\t\t\t\t\t<\/div>\n\t\t\t\t\t\t\t<div class='uagb-post__text uagb-post__excerpt'>\n\t\t\t\t\t<p>From January 14, 2025, a series of KIT undergraduate seminars will be held. The seminars are intended for all\u2026\t\t\t\t<\/div>\n\t\t\t\t\t\t<div class=\"uagb-post__text uagb-post__cta wp-block-button\">\n\t\t\t\t<a class=\"wp-block-button__link uagb-text-link\" style=\"\" href=\"https:\/\/kit.pef.czu.cz\/en\/zpravy-akce-prednasky\/bakalarsky-seminar-pro-szz-2025\/\" target=\"_blank\" rel=\"bookmark noopener noreferrer\">Read More<\/a>\n\t\t\t<\/div>\n\t\t\t\n\t\t\t\t\t\t\t\t\t<\/article>\n\t\t\t\t\t\t\t\t\t\t\t\t\t\t\t\t<article class=\"uagb-post__inner-wrap\">\t\t\t\t\t\t\t\t<h4 class=\"uagb-post__title uagb-post__text\">\n\t\t\t\t<a href=\"https:\/\/kit.pef.czu.cz\/en\/zpravy-akce-prednasky\/nahradni-dp-bp-seminar-termin-ukonceni-szz-unor-2025\/\" target=\"_blank\" rel=\"bookmark noopener noreferrer\">THE SUBSTITUTE DP\/BP SEMINAR SZZ END DATE FEBRUARY 2025<\/a>\n\t\t\t<\/h4>\n\t\t\t\t\t\t<div class='uagb-post__text uagb-post-grid-byline'>\n\t\t\t\t\t\t\t\t<time datetime=\"2024-10-01T19:53:23+02:00\" class=\"uagb-post__date\">\n\t\t\t\t<span class=\"dashicons-calendar dashicons\"><\/span>\t\t\t\t\t1. 10. 2024\t\t\t\t<\/time>\n\t\t\t\t\t\t<\/div>\n\t\t\t\t\t\t\t<div class='uagb-post__text uagb-post__excerpt'>\n\t\t\t\t\t<p>The replacement diploma\/bachelor&#039;s seminar is intended for all students who are working on DP\/BP at KIT - term...\t\t\t\t<\/div>\n\t\t\t\t\t\t<div class=\"uagb-post__text uagb-post__cta wp-block-button\">\n\t\t\t\t<a class=\"wp-block-button__link uagb-text-link\" style=\"\" href=\"https:\/\/kit.pef.czu.cz\/en\/zpravy-akce-prednasky\/nahradni-dp-bp-seminar-termin-ukonceni-szz-unor-2025\/\" target=\"_blank\" rel=\"bookmark noopener noreferrer\">Read More<\/a>\n\t\t\t<\/div>\n\t\t\t\n\t\t\t\t\t\t\t\t\t<\/article>\n\t\t\t\t\t\t\t\t\t\t\t\t\t\t\t\t<article class=\"uagb-post__inner-wrap\">\t\t\t\t\t\t\t\t<h4 class=\"uagb-post__title uagb-post__text\">\n\t\t\t\t<a href=\"https:\/\/kit.pef.czu.cz\/en\/zpravy-akce-prednasky\/zprava-z-bakalarskeho-seminare-kit-2024\/\" target=\"_blank\" rel=\"bookmark noopener noreferrer\">Report from the KIT 2024 Bachelor&#039;s Seminar<\/a>\n\t\t\t<\/h4>\n\t\t\t\t\t\t<div class='uagb-post__text uagb-post-grid-byline'>\n\t\t\t\t\t\t\t\t<time datetime=\"2024-02-13T12:29:45+01:00\" class=\"uagb-post__date\">\n\t\t\t\t<span class=\"dashicons-calendar dashicons\"><\/span>\t\t\t\t\t13. 2. 2024\t\t\t\t<\/time>\n\t\t\t\t\t\t<\/div>\n\t\t\t\t\t\t\t<div class='uagb-post__text uagb-post__excerpt'>\n\t\t\t\t\t<p>The traditional 9th year of the KIT PEF \u010cZU bachelor&#039;s seminar in Prague was once again held at the Operation\u2026\t\t\t\t<\/div>\n\t\t\t\t\t\t<div class=\"uagb-post__text uagb-post__cta wp-block-button\">\n\t\t\t\t<a class=\"wp-block-button__link uagb-text-link\" style=\"\" href=\"https:\/\/kit.pef.czu.cz\/en\/zpravy-akce-prednasky\/zprava-z-bakalarskeho-seminare-kit-2024\/\" target=\"_blank\" rel=\"bookmark noopener noreferrer\">Read More<\/a>\n\t\t\t<\/div>\n\t\t\t\n\t\t\t\t\t\t\t\t\t<\/article>\n\t\t\t\t\t\t\t\t\t\t\t\t\t<div class=\"uagb-post-pagination-wrap\">\n\t\t\t\t\t\t<span class=\"page-numbers current\">1<\/span>\n<a class=\"page-numbers\" href=\"https:\/\/kit.pef.czu.cz\/en\/wp-json\/wp\/v2\/pages\/9322\/page\/2\/\">2<\/a>\n<a class=\"page-numbers\" href=\"https:\/\/kit.pef.czu.cz\/en\/wp-json\/wp\/v2\/pages\/9322\/page\/3\/\">3<\/a>\n<a class=\"page-numbers\" href=\"https:\/\/kit.pef.czu.cz\/en\/wp-json\/wp\/v2\/pages\/9322\/page\/4\/\">4<\/a>\n<a class=\"page-numbers\" href=\"https:\/\/kit.pef.czu.cz\/en\/wp-json\/wp\/v2\/pages\/9322\/page\/5\/\">5<\/a>\n<a class=\"page-numbers\" href=\"https:\/\/kit.pef.czu.cz\/en\/wp-json\/wp\/v2\/pages\/9322\/page\/6\/\">6<\/a>\n<a class=\"next page-numbers\" href=\"https:\/\/kit.pef.czu.cz\/en\/wp-json\/wp\/v2\/pages\/9322\/page\/2\/\">Next &quot;<\/a>\t\t\t\t\t<\/div>\n\t\t\t\t\t\t\t\t<\/div>\n\t\t\t\n\n\n<h3 class=\"wp-block-gutenverse-heading guten-element guten-itYyom\">Archive DS<\/h3>\n\n\n\n\t\t\t<div class=\"wp-block-uagb-post-grid uagb-post-grid prednasky_aktualni uagb-post__image-position-top uagb-post__image-disabled uagb-block-f454ccf4     uagb-post__items uagb-post__columns-1 is-grid uagb-post__columns-tablet-2 uagb-post__columns-mobile-1 uagb-equal_height_inline-read-more-buttons\" data-total=\"7\" style=\"\">\n\n\t\t\t\t\t\t\t\t\t\t\t\t<article class=\"uagb-post__inner-wrap\">\t\t\t\t\t\t\t\t<h4 class=\"uagb-post__title uagb-post__text\">\n\t\t\t\t<a href=\"https:\/\/kit.pef.czu.cz\/en\/zpravy-akce-prednasky\/zprava-z-diplomantskeho-seminare-kit-2026\/\" target=\"_blank\" rel=\"bookmark noopener noreferrer\">Report from the KIT 2026 graduate seminar<\/a>\n\t\t\t<\/h4>\n\t\t\t\t\t\t<div class='uagb-post__text uagb-post-grid-byline'>\n\t\t\t\t\t\t\t\t<time datetime=\"2026-03-31T23:06:08+02:00\" class=\"uagb-post__date\">\n\t\t\t\t<span class=\"dashicons-calendar dashicons\"><\/span>\t\t\t\t\t31. 3. 2026\t\t\t\t<\/time>\n\t\t\t\t\t\t<\/div>\n\t\t\t\t\t\t\t<div class='uagb-post__text uagb-post__excerpt'>\n\t\t\t\t\t<p>Diploma seminar - KIT scientific research workshop, organized by the Department of Information Technology of the Faculty of Economics and Business Administration of the Czech University of Life Sciences in Prague,\u2026\t\t\t\t<\/div>\n\t\t\t\t\t\t<div class=\"uagb-post__text uagb-post__cta wp-block-button\">\n\t\t\t\t<a class=\"wp-block-button__link uagb-text-link\" style=\"\" href=\"https:\/\/kit.pef.czu.cz\/en\/zpravy-akce-prednasky\/zprava-z-diplomantskeho-seminare-kit-2026\/\" target=\"_blank\" rel=\"bookmark noopener noreferrer\">Read More<\/a>\n\t\t\t<\/div>\n\t\t\t\n\t\t\t\t\t\t\t\t\t<\/article>\n\t\t\t\t\t\t\t\t\t\t\t\t\t\t\t\t<article class=\"uagb-post__inner-wrap\">\t\t\t\t\t\t\t\t<h4 class=\"uagb-post__title uagb-post__text\">\n\t\t\t\t<a href=\"https:\/\/kit.pef.czu.cz\/en\/zpravy-akce-prednasky\/diplomantsky-seminar-kit-2026\/\" target=\"_blank\" rel=\"bookmark noopener noreferrer\">DIT Diploma Thesis Seminar 2026<\/a>\n\t\t\t<\/h4>\n\t\t\t\t\t\t<div class='uagb-post__text uagb-post-grid-byline'>\n\t\t\t\t\t\t\t\t<time datetime=\"2025-11-26T12:57:05+01:00\" class=\"uagb-post__date\">\n\t\t\t\t<span class=\"dashicons-calendar dashicons\"><\/span>\t\t\t\t\t26. 11. 2025\t\t\t\t<\/time>\n\t\t\t\t\t\t<\/div>\n\t\t\t\t\t\t\t<div class='uagb-post__text uagb-post__excerpt'>\n\t\t\t\t\t<p>On February 26, 2026 and March 5, 2026, the following will take place\u2026\t\t\t\t<\/div>\n\t\t\t\t\t\t<div class=\"uagb-post__text uagb-post__cta wp-block-button\">\n\t\t\t\t<a class=\"wp-block-button__link uagb-text-link\" style=\"\" href=\"https:\/\/kit.pef.czu.cz\/en\/zpravy-akce-prednasky\/diplomantsky-seminar-kit-2026\/\" target=\"_blank\" rel=\"bookmark noopener noreferrer\">Read More<\/a>\n\t\t\t<\/div>\n\t\t\t\n\t\t\t\t\t\t\t\t\t<\/article>\n\t\t\t\t\t\t\t\t\t\t\t\t\t\t\t\t<article class=\"uagb-post__inner-wrap\">\t\t\t\t\t\t\t\t<h4 class=\"uagb-post__title uagb-post__text\">\n\t\t\t\t<a href=\"https:\/\/kit.pef.czu.cz\/en\/zpravy-akce-prednasky\/nahradni-bp-dp-seminar-zs-2025\/\" target=\"_blank\" rel=\"bookmark noopener noreferrer\">Substitute BP\/DP seminar WS 2025<\/a>\n\t\t\t<\/h4>\n\t\t\t\t\t\t<div class='uagb-post__text uagb-post-grid-byline'>\n\t\t\t\t\t\t\t\t<time datetime=\"2025-09-17T10:29:28+02:00\" class=\"uagb-post__date\">\n\t\t\t\t<span class=\"dashicons-calendar dashicons\"><\/span>\t\t\t\t\t17. 9. 2025\t\t\t\t<\/time>\n\t\t\t\t\t\t<\/div>\n\t\t\t\t\t\t\t<div class='uagb-post__text uagb-post__excerpt'>\n\t\t\t\t\t<p>The replacement diploma\/bachelor&#039;s seminar is intended for all students who are working on DP\/BP at KIT - term...\t\t\t\t<\/div>\n\t\t\t\t\t\t<div class=\"uagb-post__text uagb-post__cta wp-block-button\">\n\t\t\t\t<a class=\"wp-block-button__link uagb-text-link\" style=\"\" href=\"https:\/\/kit.pef.czu.cz\/en\/zpravy-akce-prednasky\/nahradni-bp-dp-seminar-zs-2025\/\" target=\"_blank\" rel=\"bookmark noopener noreferrer\">Read More<\/a>\n\t\t\t<\/div>\n\t\t\t\n\t\t\t\t\t\t\t\t\t<\/article>\n\t\t\t\t\t\t\t\t\t\t\t\t\t\t\t\t<article class=\"uagb-post__inner-wrap\">\t\t\t\t\t\t\t\t<h4 class=\"uagb-post__title uagb-post__text\">\n\t\t\t\t<a href=\"https:\/\/kit.pef.czu.cz\/en\/zpravy-akce-prednasky\/zprava-z-diplomantskeho-seminare-kit-2025\/\" target=\"_blank\" rel=\"bookmark noopener noreferrer\">Report from the KIT 2025 Graduate Seminar<\/a>\n\t\t\t<\/h4>\n\t\t\t\t\t\t<div class='uagb-post__text uagb-post-grid-byline'>\n\t\t\t\t\t\t\t\t<time datetime=\"2025-03-17T12:44:55+01:00\" class=\"uagb-post__date\">\n\t\t\t\t<span class=\"dashicons-calendar dashicons\"><\/span>\t\t\t\t\t17. 3. 2025\t\t\t\t<\/time>\n\t\t\t\t\t\t<\/div>\n\t\t\t\t\t\t\t<div class='uagb-post__text uagb-post__excerpt'>\n\t\t\t\t\t<p>Diploma seminar - KIT scientific research workshop, organized by the Department of Information Technology of the Faculty of Economics and Business Administration of the Czech University of Life Sciences in Prague,\u2026\t\t\t\t<\/div>\n\t\t\t\t\t\t<div class=\"uagb-post__text uagb-post__cta wp-block-button\">\n\t\t\t\t<a class=\"wp-block-button__link uagb-text-link\" style=\"\" href=\"https:\/\/kit.pef.czu.cz\/en\/zpravy-akce-prednasky\/zprava-z-diplomantskeho-seminare-kit-2025\/\" target=\"_blank\" rel=\"bookmark noopener noreferrer\">Read More<\/a>\n\t\t\t<\/div>\n\t\t\t\n\t\t\t\t\t\t\t\t\t<\/article>\n\t\t\t\t\t\t\t\t\t\t\t\t\t\t\t\t<article class=\"uagb-post__inner-wrap\">\t\t\t\t\t\t\t\t<h4 class=\"uagb-post__title uagb-post__text\">\n\t\t\t\t<a href=\"https:\/\/kit.pef.czu.cz\/en\/zpravy-akce-prednasky\/diplomantsky-seminar-kit-2025\/\" target=\"_blank\" rel=\"bookmark noopener noreferrer\">KIT 2025 Graduate Seminar<\/a>\n\t\t\t<\/h4>\n\t\t\t\t\t\t<div class='uagb-post__text uagb-post-grid-byline'>\n\t\t\t\t\t\t\t\t<time datetime=\"2025-01-07T20:01:04+01:00\" class=\"uagb-post__date\">\n\t\t\t\t<span class=\"dashicons-calendar dashicons\"><\/span>\t\t\t\t\t7. 1. 2025\t\t\t\t<\/time>\n\t\t\t\t\t\t<\/div>\n\t\t\t\t\t\t\t<div class='uagb-post__text uagb-post__excerpt'>\n\t\t\t\t\t<p>On February 27, 2025 and March 6, 2025, the following will take place\u2026\t\t\t\t<\/div>\n\t\t\t\t\t\t<div class=\"uagb-post__text uagb-post__cta wp-block-button\">\n\t\t\t\t<a class=\"wp-block-button__link uagb-text-link\" style=\"\" href=\"https:\/\/kit.pef.czu.cz\/en\/zpravy-akce-prednasky\/diplomantsky-seminar-kit-2025\/\" target=\"_blank\" rel=\"bookmark noopener noreferrer\">Read More<\/a>\n\t\t\t<\/div>\n\t\t\t\n\t\t\t\t\t\t\t\t\t<\/article>\n\t\t\t\t\t\t\t\t\t\t\t\t\t<div class=\"uagb-post-pagination-wrap\">\n\t\t\t\t\t\t<span class=\"page-numbers current\">1<\/span>\n<a class=\"page-numbers\" href=\"https:\/\/kit.pef.czu.cz\/en\/wp-json\/wp\/v2\/pages\/9322\/page\/2\/\">2<\/a>\n<a class=\"page-numbers\" href=\"https:\/\/kit.pef.czu.cz\/en\/wp-json\/wp\/v2\/pages\/9322\/page\/3\/\">3<\/a>\n<a class=\"page-numbers\" href=\"https:\/\/kit.pef.czu.cz\/en\/wp-json\/wp\/v2\/pages\/9322\/page\/4\/\">4<\/a>\n<a class=\"page-numbers\" href=\"https:\/\/kit.pef.czu.cz\/en\/wp-json\/wp\/v2\/pages\/9322\/page\/5\/\">5<\/a>\n<a class=\"page-numbers\" href=\"https:\/\/kit.pef.czu.cz\/en\/wp-json\/wp\/v2\/pages\/9322\/page\/6\/\">6<\/a>\n<a class=\"page-numbers\" href=\"https:\/\/kit.pef.czu.cz\/en\/wp-json\/wp\/v2\/pages\/9322\/page\/7\/\">7<\/a>\n<a class=\"next page-numbers\" href=\"https:\/\/kit.pef.czu.cz\/en\/wp-json\/wp\/v2\/pages\/9322\/page\/2\/\">Next &quot;<\/a>\t\t\t\t\t<\/div>\n\t\t\t\t\t\t\t\t<\/div>","protected":false},"excerpt":{"rendered":"<p>The Department of Information Technologies organizes a separate series of professional lectures on current topics in the field of Information and Communication Technologies. The cycle of lectures always takes place in WS and LS (period February to April).<\/p>","protected":false},"author":1,"featured_media":0,"parent":0,"menu_order":0,"comment_status":"closed","ping_status":"closed","template":"","meta":{"_eb_attr":"","_uag_custom_page_level_css":"","ngg_post_thumbnail":0,"footnotes":""},"class_list":["post-9322","page","type-page","status-publish","hentry"],"uagb_featured_image_src":{"full":false,"thumbnail":false,"medium":false,"medium_large":false,"large":false,"1536x1536":false,"2048x2048":false,"trp-custom-language-flag":false},"uagb_author_info":{"display_name":"admin","author_link":"https:\/\/kit.pef.czu.cz\/en\/zpravy-akce-prednasky\/author\/admin\/"},"uagb_comment_info":0,"uagb_excerpt":"Katedra informa\u010dn\u00edch technologi\u00ed po\u0159\u00e1d\u00e1 samostatn\u00fd cyklus odborn\u00fdch p\u0159edn\u00e1\u0161ek na aktu\u00e1ln\u00ed t\u00e9mata z oblasti Informa\u010dn\u00edch a komunika\u010dn\u00edch technologi\u00ed. Cyklus p\u0159edn\u00e1\u0161ek prob\u00edh\u00e1 v\u017edy v ZS i LS (obdob\u00ed \u00fanor a\u017e duben).","_links":{"self":[{"href":"https:\/\/kit.pef.czu.cz\/en\/wp-json\/wp\/v2\/pages\/9322","targetHints":{"allow":["GET"]}}],"collection":[{"href":"https:\/\/kit.pef.czu.cz\/en\/wp-json\/wp\/v2\/pages"}],"about":[{"href":"https:\/\/kit.pef.czu.cz\/en\/wp-json\/wp\/v2\/types\/page"}],"author":[{"embeddable":true,"href":"https:\/\/kit.pef.czu.cz\/en\/wp-json\/wp\/v2\/users\/1"}],"replies":[{"embeddable":true,"href":"https:\/\/kit.pef.czu.cz\/en\/wp-json\/wp\/v2\/comments?post=9322"}],"version-history":[{"count":0,"href":"https:\/\/kit.pef.czu.cz\/en\/wp-json\/wp\/v2\/pages\/9322\/revisions"}],"wp:attachment":[{"href":"https:\/\/kit.pef.czu.cz\/en\/wp-json\/wp\/v2\/media?parent=9322"}],"curies":[{"name":"wp","href":"https:\/\/api.w.org\/{rel}","templated":true}]}}