{"id":53,"date":"2023-02-13T18:46:27","date_gmt":"2023-02-13T17:46:27","guid":{"rendered":"http:\/\/kit.pef.czu.cz\/?page_id=53"},"modified":"2023-09-13T15:09:32","modified_gmt":"2023-09-13T13:09:32","slug":"zahranicni-spoluprace","status":"publish","type":"page","link":"https:\/\/kit.pef.czu.cz\/en\/zahranicni-spoluprace\/","title":{"rendered":"Foreign cooperation"},"content":{"rendered":"<div class=\"text-content-inner\">\n<p>The department cooperates with foreign partner institutions and universities on the basis of direct relations or within the framework of \u010cZU's membership in ELLS (Euroleague for Life Sciences).<\/p>\n<\/div>\n\n<div class=\"text-content-inner\">\n<p class=\"has-primary-color has-text-color\">Major partners include:<\/p>\n<\/div>\n\n\n\n\n\n\n\n<div class=\"text-content-inner\">\n<p class=\"has-primary-color has-text-color translation-block\">We also cooperate with: Appalachian State University (USA), BOKU Vienna (Austria), Bourse Direct France (France), Center for Information Convergence and Strategy (CICS) at San Diego State University (USA) ,Chinese Agricultural University Beijing (China),Edumotiva (Greece), George Mason University (USA),ISCTE-Instituto Universit\u00e1rio de Lisboa (Portugal), I. Zhansugurov Zhetysu State University (Kazakhstan), Leiden University (Netherlands),Lithuanian University of Educational Sciences (Latvia), Open University of the Netherlands (Netherlands), Risbo B.V. (Netherlands), SGWW Warsaw (Poland), SCIENCE - University of Copenhagen (Denmark), SLU - Swedish University of Agricultural Sciences (Sweden), Spiru Haret University (Romania), StartupYard Accelerator (Italy), Stepim (Italy), SYNYO GmbH (Austria), TDF (Lithuania), UHOH Hohenheim (Germany), University of Jyv\u00e4skyl\u00e4 (Finland), Universidade de \u00c9vora (Portugal), University of Constantine the Philosopher in Nitra (Slovakia), University of Maribor (Slovenia), UNI SIBIU (Romania) , Wageningen University and Research Center (Netherlands).<\/p>\n\n<p style=\"padding-top:var(--wp--preset--spacing--40);padding-right:0;padding-bottom:0;padding-left:0\">Students and teachers come to the department for exchange stays within the Erasmus+, Erasmus Mundus, CEEPUS programs and bilateral cooperation agreements.<\/p>\n\n<p style=\"padding-top:var(--wp--preset--spacing--50)\">Members of the Department of Information Technologies successfully implement and participate in the preparation of international projects in cooperation with partner foreign entities from Germany, Austria, the Netherlands, Belgium, Spain, Italy, Romania, Cyprus, Slovakia, Poland, the Baltics and Central Asia.<\/p>\n<\/div>\n\n<div class=\"text-content-inner\">\n<p class=\"has-primary-color has-text-color\"><strong>KIT employees are members of international professional and professional organizations, for example:<\/strong><\/p>\n<\/div>\n\n\n\n\n\n<div class=\"text-content-inner\">\n<p class=\"has-primary-color has-text-color\"><strong><strong>Overview of partner universities of the Faculty of Operational Economics of the CZU in Prague<\/strong><\/strong><\/p>\n<\/div>","protected":false},"excerpt":{"rendered":"","protected":false},"author":1,"featured_media":0,"parent":0,"menu_order":0,"comment_status":"closed","ping_status":"closed","template":"","meta":{"_eb_attr":"","_uag_custom_page_level_css":"","ngg_post_thumbnail":0,"footnotes":""},"class_list":["post-53","page","type-page","status-publish","hentry"],"uagb_featured_image_src":{"full":false,"thumbnail":false,"medium":false,"medium_large":false,"large":false,"1536x1536":false,"2048x2048":false,"trp-custom-language-flag":false},"uagb_author_info":{"display_name":"admin","author_link":"https:\/\/kit.pef.czu.cz\/en\/zpravy-akce-prednasky\/author\/admin\/"},"uagb_comment_info":0,"uagb_excerpt":null,"_links":{"self":[{"href":"https:\/\/kit.pef.czu.cz\/en\/wp-json\/wp\/v2\/pages\/53","targetHints":{"allow":["GET"]}}],"collection":[{"href":"https:\/\/kit.pef.czu.cz\/en\/wp-json\/wp\/v2\/pages"}],"about":[{"href":"https:\/\/kit.pef.czu.cz\/en\/wp-json\/wp\/v2\/types\/page"}],"author":[{"embeddable":true,"href":"https:\/\/kit.pef.czu.cz\/en\/wp-json\/wp\/v2\/users\/1"}],"replies":[{"embeddable":true,"href":"https:\/\/kit.pef.czu.cz\/en\/wp-json\/wp\/v2\/comments?post=53"}],"version-history":[{"count":0,"href":"https:\/\/kit.pef.czu.cz\/en\/wp-json\/wp\/v2\/pages\/53\/revisions"}],"wp:attachment":[{"href":"https:\/\/kit.pef.czu.cz\/en\/wp-json\/wp\/v2\/media?parent=53"}],"curies":[{"name":"wp","href":"https:\/\/api.w.org\/{rel}","templated":true}]}}