{"id":47,"date":"2023-02-13T18:45:28","date_gmt":"2023-02-13T17:45:28","guid":{"rendered":"http:\/\/kit.pef.czu.cz\/?page_id=47"},"modified":"2025-06-03T10:42:34","modified_gmt":"2025-06-03T08:42:34","slug":"specializovane-laboratore","status":"publish","type":"page","link":"https:\/\/kit.pef.czu.cz\/en\/specializovane-laboratore\/","title":{"rendered":"SPECIALIZED LABORATORIES"},"content":{"rendered":"<p>The Department of Information Technology, Faculty of Economics and Business Administration, \u010cZU in Prague guarantees a number of <strong>specialized laboratories<\/strong>, which serves as a modern facility for teaching, research, and student projects. Thanks to this infrastructure, students and academics can work with the latest technologies in areas such as cybersecurity, computer networks, data analytics, and software development.<\/p>\n\n\n\n\n\n\n\n\n\n\n\n<p><\/p>","protected":false},"excerpt":{"rendered":"<p>The Department of Information Technology at the Faculty of Economics and Business of the Czech University of Life Sciences in Prague guarantees a number of specialized laboratories that serve as a modern background for teaching, research and student projects. Thanks to this infrastructure, students and academics can work with the latest technologies in areas such as cybersecurity, computer networks, data analytics and software development.<\/p>","protected":false},"author":1,"featured_media":0,"parent":0,"menu_order":0,"comment_status":"closed","ping_status":"closed","template":"","meta":{"_eb_attr":"","_uag_custom_page_level_css":"","ngg_post_thumbnail":0,"footnotes":""},"class_list":["post-47","page","type-page","status-publish","hentry"],"uagb_featured_image_src":{"full":false,"thumbnail":false,"medium":false,"medium_large":false,"large":false,"1536x1536":false,"2048x2048":false,"trp-custom-language-flag":false},"uagb_author_info":{"display_name":"admin","author_link":"https:\/\/kit.pef.czu.cz\/en\/zpravy-akce-prednasky\/author\/admin\/"},"uagb_comment_info":0,"uagb_excerpt":"Katedra informa\u010dn\u00edch technologi\u00ed PEF \u010cZU v Praze garantuje \u0159adu specializovan\u00fdch laborato\u0159\u00ed, kter\u00e9 slou\u017e\u00ed jako modern\u00ed z\u00e1zem\u00ed pro v\u00fduku, v\u00fdzkum i projekty student\u016f. D\u00edky t\u00e9to infrastruktu\u0159e mohou studenti i akademici pracovat s nejnov\u011bj\u0161\u00edmi technologiemi v oblastech jako je kybernetick\u00e1 bezpe\u010dnost, po\u010d\u00edta\u010dov\u00e9 s\u00edt\u011b, datov\u00e1 analytika \u010di v\u00fdvoj softwaru.","_links":{"self":[{"href":"https:\/\/kit.pef.czu.cz\/en\/wp-json\/wp\/v2\/pages\/47","targetHints":{"allow":["GET"]}}],"collection":[{"href":"https:\/\/kit.pef.czu.cz\/en\/wp-json\/wp\/v2\/pages"}],"about":[{"href":"https:\/\/kit.pef.czu.cz\/en\/wp-json\/wp\/v2\/types\/page"}],"author":[{"embeddable":true,"href":"https:\/\/kit.pef.czu.cz\/en\/wp-json\/wp\/v2\/users\/1"}],"replies":[{"embeddable":true,"href":"https:\/\/kit.pef.czu.cz\/en\/wp-json\/wp\/v2\/comments?post=47"}],"version-history":[{"count":10,"href":"https:\/\/kit.pef.czu.cz\/en\/wp-json\/wp\/v2\/pages\/47\/revisions"}],"predecessor-version":[{"id":13274,"href":"https:\/\/kit.pef.czu.cz\/en\/wp-json\/wp\/v2\/pages\/47\/revisions\/13274"}],"wp:attachment":[{"href":"https:\/\/kit.pef.czu.cz\/en\/wp-json\/wp\/v2\/media?parent=47"}],"curies":[{"name":"wp","href":"https:\/\/api.w.org\/{rel}","templated":true}]}}