{"id":2527,"date":"2023-05-14T18:07:36","date_gmt":"2023-05-14T16:07:36","guid":{"rendered":"http:\/\/kit.pef.czu.cz\/?page_id=2527"},"modified":"2025-04-11T12:59:18","modified_gmt":"2025-04-11T10:59:18","slug":"socialni-site","status":"publish","type":"page","link":"https:\/\/kit.pef.czu.cz\/en\/socialni-site\/","title":{"rendered":"Social media"},"content":{"rendered":"<p>Stay in touch with us outside the classroom! Follow what&#039;s happening at the Department of Information Technology at the Faculty of Economics and Business, Czech University of Life Sciences in Prague on our official profiles. You can find us on Facebook, Instagram, X, LinkedIn, YouTube and via the well-organized Linktree.<\/p>\n\n\n\n<div class=\"wp-block-group is-nowrap is-layout-flex wp-container-core-group-is-layout-6c531013 wp-block-group-is-layout-flex\">\n<figure class=\"wp-block-image size-full is-resized\"><img decoding=\"async\" src=\"https:\/\/kit.pef.czu.cz\/wp-content\/uploads\/2025\/04\/facebook-fb-social-icon.svg\" alt=\"\" class=\"wp-image-13108\" style=\"aspect-ratio:1;object-fit:cover;width:50px\"\/><\/figure>\n\n\n\n<p><a href=\"https:\/\/www.facebook.com\/kit.pef.czu.cz\" data-type=\"link\" data-id=\"https:\/\/www.facebook.com\/kit.pef.czu.cz\">Facebook \u2013 Department of Information Technology, Faculty of Economics, Czech University of Life Sciences in Prague<\/a><\/p>\n<\/div>\n\n\n\n<div class=\"wp-block-group is-nowrap is-layout-flex wp-container-core-group-is-layout-6c531013 wp-block-group-is-layout-flex\">\n<figure class=\"wp-block-image size-full is-resized\"><img decoding=\"async\" width=\"980\" height=\"980\" src=\"https:\/\/kit.pef.czu.cz\/wp-content\/uploads\/2025\/04\/instagram-icon-design-vector.jpg\" alt=\"\" class=\"wp-image-13109\" style=\"aspect-ratio:1;object-fit:cover;width:50px\" srcset=\"https:\/\/kit.pef.czu.cz\/wp-content\/uploads\/2025\/04\/instagram-icon-design-vector.jpg 980w, https:\/\/kit.pef.czu.cz\/wp-content\/uploads\/2025\/04\/instagram-icon-design-vector-300x300.jpg 300w, https:\/\/kit.pef.czu.cz\/wp-content\/uploads\/2025\/04\/instagram-icon-design-vector-150x150.jpg 150w, https:\/\/kit.pef.czu.cz\/wp-content\/uploads\/2025\/04\/instagram-icon-design-vector-768x768.jpg 768w, https:\/\/kit.pef.czu.cz\/wp-content\/uploads\/2025\/04\/instagram-icon-design-vector-12x12.jpg 12w\" sizes=\"(max-width: 980px) 100vw, 980px\" \/><\/figure>\n\n\n\n<p><a href=\"https:\/\/www.instagram.com\/kit.pef.czu.cz\/\" data-type=\"link\" data-id=\"https:\/\/www.instagram.com\/kit.pef.czu.cz\/\">Instagram \u2013 @kit.pef.czu.cz<\/a><\/p>\n<\/div>\n\n\n\n<div class=\"wp-block-group is-nowrap is-layout-flex wp-container-core-group-is-layout-6c531013 wp-block-group-is-layout-flex\">\n<figure class=\"wp-block-image size-full is-resized\"><img decoding=\"async\" width=\"512\" height=\"374\" src=\"https:\/\/kit.pef.czu.cz\/wp-content\/uploads\/2025\/04\/twitter_x_new_logo_x_circle_icon_256076.png\" alt=\"\" class=\"wp-image-13110\" style=\"aspect-ratio:1;object-fit:cover;width:50px\" srcset=\"https:\/\/kit.pef.czu.cz\/wp-content\/uploads\/2025\/04\/twitter_x_new_logo_x_circle_icon_256076.png 512w, https:\/\/kit.pef.czu.cz\/wp-content\/uploads\/2025\/04\/twitter_x_new_logo_x_circle_icon_256076-300x219.png 300w, https:\/\/kit.pef.czu.cz\/wp-content\/uploads\/2025\/04\/twitter_x_new_logo_x_circle_icon_256076-16x12.png 16w\" sizes=\"(max-width: 512px) 100vw, 512px\" \/><\/figure>\n\n\n\n<p> <a href=\"https:\/\/x.com\/kit_pef\" data-type=\"link\" data-id=\"https:\/\/x.com\/kit_pef\">X \u2013 @kit_pef<\/a><\/p>\n<\/div>\n\n\n\n<div class=\"wp-block-group is-nowrap is-layout-flex wp-container-core-group-is-layout-6c531013 wp-block-group-is-layout-flex\">\n<figure class=\"wp-block-image size-full is-resized\"><img decoding=\"async\" src=\"https:\/\/kit.pef.czu.cz\/wp-content\/uploads\/2025\/04\/linkedin.svg\" alt=\"\" class=\"wp-image-13111\" style=\"aspect-ratio:1;object-fit:cover;width:50px\"\/><\/figure>\n\n\n\n<p><a href=\"https:\/\/www.linkedin.com\/company\/katedra-informacnich-technologii-pef-czu\/\">LinkedIn \u2013 Department of Information Technology, Faculty of Economics, Czech University of Life Sciences<\/a><\/p>\n<\/div>\n\n\n\n<div class=\"wp-block-group is-nowrap is-layout-flex wp-container-core-group-is-layout-6c531013 wp-block-group-is-layout-flex\">\n<figure class=\"wp-block-image size-full is-resized\"><img decoding=\"async\" src=\"https:\/\/kit.pef.czu.cz\/wp-content\/uploads\/2025\/04\/youtube.svg\" alt=\"\" class=\"wp-image-13115\" style=\"aspect-ratio:1;object-fit:cover;width:50px\"\/><\/figure>\n\n\n\n<p><a href=\"https:\/\/www.youtube.com\/@kitpefczu\" data-type=\"link\" data-id=\"https:\/\/www.youtube.com\/@kitpefczu\">YouTube \u2013 @kitpefczu<\/a><\/p>\n<\/div>\n\n\n\n<div class=\"wp-block-group is-nowrap is-layout-flex wp-container-core-group-is-layout-6c531013 wp-block-group-is-layout-flex\">\n<figure class=\"wp-block-image size-full is-resized\"><img decoding=\"async\" width=\"256\" height=\"256\" src=\"https:\/\/kit.pef.czu.cz\/wp-content\/uploads\/2025\/04\/free-linktree-logo-icon-download-in-svg-png-gif-file-formats-social-brand-communication-company-pack-logos-icons-9631079.png\" alt=\"\" class=\"wp-image-13112\" style=\"aspect-ratio:1;object-fit:cover;width:50px\" srcset=\"https:\/\/kit.pef.czu.cz\/wp-content\/uploads\/2025\/04\/free-linktree-logo-icon-download-in-svg-png-gif-file-formats-social-brand-communication-company-pack-logos-icons-9631079.png 256w, https:\/\/kit.pef.czu.cz\/wp-content\/uploads\/2025\/04\/free-linktree-logo-icon-download-in-svg-png-gif-file-formats-social-brand-communication-company-pack-logos-icons-9631079-150x150.png 150w, https:\/\/kit.pef.czu.cz\/wp-content\/uploads\/2025\/04\/free-linktree-logo-icon-download-in-svg-png-gif-file-formats-social-brand-communication-company-pack-logos-icons-9631079-12x12.png 12w\" sizes=\"(max-width: 256px) 100vw, 256px\" \/><\/figure>\n\n\n\n<p><a href=\"https:\/\/linktr.ee\/kitpefczu\" data-type=\"link\" data-id=\"https:\/\/linktr.ee\/kitpefczu\">Linktree \u2013 @kitpefczu<\/a><\/p>\n<\/div>\n\n\n\n<p><\/p>","protected":false},"excerpt":{"rendered":"<p>Stay in touch with us outside the classroom! Follow the events at the Department of Information Technology, PEF \u010cZU in Prague on our official profiles. You can find us on Facebook, Instagram, X, LinkedIn, YouTube and via the well-organized Linktree. Facebook \u2013 Department of Information Technology, PEF \u010cZU in Prague Instagram \u2013 @kit.pef.czu.cz X \u2013 @kit_pef LinkedIn \u2013 Department of Information Technology, PEF \u010cZU YouTube \u2013 @kitpefczu Linktree \u2013 @kitpefczu<\/p>","protected":false},"author":1,"featured_media":0,"parent":0,"menu_order":0,"comment_status":"closed","ping_status":"closed","template":"","meta":{"_eb_attr":"","_uag_custom_page_level_css":"","ngg_post_thumbnail":0,"footnotes":""},"class_list":["post-2527","page","type-page","status-publish","hentry"],"uagb_featured_image_src":{"full":false,"thumbnail":false,"medium":false,"medium_large":false,"large":false,"1536x1536":false,"2048x2048":false,"trp-custom-language-flag":false},"uagb_author_info":{"display_name":"admin","author_link":"https:\/\/kit.pef.czu.cz\/en\/zpravy-akce-prednasky\/author\/admin\/"},"uagb_comment_info":0,"uagb_excerpt":"Bu\u010fte s n\u00e1mi v kontaktu i mimo u\u010debny! Sledujte d\u011bn\u00ed na Kated\u0159e informa\u010dn\u00edch technologi\u00ed PEF \u010cZU v Praze na na\u0161ich ofici\u00e1ln\u00edch profilech. Najdete n\u00e1s na Facebooku, Instagramu, X, LinkedInu, YouTube i p\u0159es p\u0159ehledn\u00fd Linktree. Facebook &#8211; Katedra informa\u010dn\u00edch technologi\u00ed PEF \u010cZU v Praze Instagram &#8211; @kit.pef.czu.cz X &#8211; @kit_pef LinkedIn &#8211; Katedra informa\u010dn\u00edch technologi\u00ed PEF&hellip;","_links":{"self":[{"href":"https:\/\/kit.pef.czu.cz\/en\/wp-json\/wp\/v2\/pages\/2527","targetHints":{"allow":["GET"]}}],"collection":[{"href":"https:\/\/kit.pef.czu.cz\/en\/wp-json\/wp\/v2\/pages"}],"about":[{"href":"https:\/\/kit.pef.czu.cz\/en\/wp-json\/wp\/v2\/types\/page"}],"author":[{"embeddable":true,"href":"https:\/\/kit.pef.czu.cz\/en\/wp-json\/wp\/v2\/users\/1"}],"replies":[{"embeddable":true,"href":"https:\/\/kit.pef.czu.cz\/en\/wp-json\/wp\/v2\/comments?post=2527"}],"version-history":[{"count":4,"href":"https:\/\/kit.pef.czu.cz\/en\/wp-json\/wp\/v2\/pages\/2527\/revisions"}],"predecessor-version":[{"id":13119,"href":"https:\/\/kit.pef.czu.cz\/en\/wp-json\/wp\/v2\/pages\/2527\/revisions\/13119"}],"wp:attachment":[{"href":"https:\/\/kit.pef.czu.cz\/en\/wp-json\/wp\/v2\/media?parent=2527"}],"curies":[{"name":"wp","href":"https:\/\/api.w.org\/{rel}","templated":true}]}}