{"id":13690,"date":"2025-10-15T12:11:34","date_gmt":"2025-10-15T10:11:34","guid":{"rendered":"https:\/\/kit.pef.czu.cz\/?page_id=13690"},"modified":"2026-03-23T10:25:27","modified_gmt":"2026-03-23T09:25:27","slug":"volitelne-predmety","status":"publish","type":"page","link":"https:\/\/kit.pef.czu.cz\/en\/volitelne-predmety\/","title":{"rendered":"Optional items KIT"},"content":{"rendered":"<p><\/p>\n\n\n\n\n\n<p><\/p>","protected":false},"excerpt":{"rendered":"","protected":false},"author":19,"featured_media":0,"parent":0,"menu_order":0,"comment_status":"closed","ping_status":"closed","template":"","meta":{"_eb_attr":"","_uag_custom_page_level_css":"","ngg_post_thumbnail":0,"footnotes":""},"class_list":["post-13690","page","type-page","status-publish","hentry"],"uagb_featured_image_src":{"full":false,"thumbnail":false,"medium":false,"medium_large":false,"large":false,"1536x1536":false,"2048x2048":false,"trp-custom-language-flag":false},"uagb_author_info":{"display_name":"\u0160t\u011bp\u00e1nka","author_link":"https:\/\/kit.pef.czu.cz\/en\/zpravy-akce-prednasky\/author\/xpros019studenti-czu-cz\/"},"uagb_comment_info":0,"uagb_excerpt":null,"_links":{"self":[{"href":"https:\/\/kit.pef.czu.cz\/en\/wp-json\/wp\/v2\/pages\/13690","targetHints":{"allow":["GET"]}}],"collection":[{"href":"https:\/\/kit.pef.czu.cz\/en\/wp-json\/wp\/v2\/pages"}],"about":[{"href":"https:\/\/kit.pef.czu.cz\/en\/wp-json\/wp\/v2\/types\/page"}],"author":[{"embeddable":true,"href":"https:\/\/kit.pef.czu.cz\/en\/wp-json\/wp\/v2\/users\/19"}],"replies":[{"embeddable":true,"href":"https:\/\/kit.pef.czu.cz\/en\/wp-json\/wp\/v2\/comments?post=13690"}],"version-history":[{"count":11,"href":"https:\/\/kit.pef.czu.cz\/en\/wp-json\/wp\/v2\/pages\/13690\/revisions"}],"predecessor-version":[{"id":13919,"href":"https:\/\/kit.pef.czu.cz\/en\/wp-json\/wp\/v2\/pages\/13690\/revisions\/13919"}],"wp:attachment":[{"href":"https:\/\/kit.pef.czu.cz\/en\/wp-json\/wp\/v2\/media?parent=13690"}],"curies":[{"name":"wp","href":"https:\/\/api.w.org\/{rel}","templated":true}]}}