{"id":12851,"date":"2024-12-15T22:21:35","date_gmt":"2024-12-15T21:21:35","guid":{"rendered":"https:\/\/kit.pef.czu.cz\/?page_id=12851"},"modified":"2024-12-15T22:22:22","modified_gmt":"2024-12-15T21:22:22","slug":"word","status":"publish","type":"page","link":"https:\/\/kit.pef.czu.cz\/en\/publikace\/word\/","title":{"rendered":"Word"},"content":{"rendered":"<div class=\"wp-block-file\"><a id=\"wp-block-file--media-abf29238-556c-414e-85a3-0a20724d44b5\" href=\"https:\/\/kit.pef.czu.cz\/wp-content\/uploads\/2024\/12\/soubory_word.zip\">word_files<\/a><a href=\"https:\/\/kit.pef.czu.cz\/wp-content\/uploads\/2024\/12\/soubory_word.zip\" class=\"wp-block-file__button wp-element-button\" download aria-describedby=\"wp-block-file--media-abf29238-556c-414e-85a3-0a20724d44b5\">Download<\/a><\/div>\n\n\n\n<p><\/p>","protected":false},"excerpt":{"rendered":"","protected":false},"author":19,"featured_media":0,"parent":12823,"menu_order":0,"comment_status":"closed","ping_status":"closed","template":"","meta":{"_eb_attr":"","_uag_custom_page_level_css":"","ngg_post_thumbnail":0,"footnotes":""},"class_list":["post-12851","page","type-page","status-publish","hentry"],"uagb_featured_image_src":{"full":false,"thumbnail":false,"medium":false,"medium_large":false,"large":false,"1536x1536":false,"2048x2048":false,"trp-custom-language-flag":false},"uagb_author_info":{"display_name":"\u0160t\u011bp\u00e1nka","author_link":"https:\/\/kit.pef.czu.cz\/en\/zpravy-akce-prednasky\/author\/xpros019studenti-czu-cz\/"},"uagb_comment_info":0,"uagb_excerpt":null,"_links":{"self":[{"href":"https:\/\/kit.pef.czu.cz\/en\/wp-json\/wp\/v2\/pages\/12851","targetHints":{"allow":["GET"]}}],"collection":[{"href":"https:\/\/kit.pef.czu.cz\/en\/wp-json\/wp\/v2\/pages"}],"about":[{"href":"https:\/\/kit.pef.czu.cz\/en\/wp-json\/wp\/v2\/types\/page"}],"author":[{"embeddable":true,"href":"https:\/\/kit.pef.czu.cz\/en\/wp-json\/wp\/v2\/users\/19"}],"replies":[{"embeddable":true,"href":"https:\/\/kit.pef.czu.cz\/en\/wp-json\/wp\/v2\/comments?post=12851"}],"version-history":[{"count":1,"href":"https:\/\/kit.pef.czu.cz\/en\/wp-json\/wp\/v2\/pages\/12851\/revisions"}],"predecessor-version":[{"id":12853,"href":"https:\/\/kit.pef.czu.cz\/en\/wp-json\/wp\/v2\/pages\/12851\/revisions\/12853"}],"up":[{"embeddable":true,"href":"https:\/\/kit.pef.czu.cz\/en\/wp-json\/wp\/v2\/pages\/12823"}],"wp:attachment":[{"href":"https:\/\/kit.pef.czu.cz\/en\/wp-json\/wp\/v2\/media?parent=12851"}],"curies":[{"name":"wp","href":"https:\/\/api.w.org\/{rel}","templated":true}]}}