{"id":12825,"date":"2024-12-15T22:18:05","date_gmt":"2024-12-15T21:18:05","guid":{"rendered":"https:\/\/kit.pef.czu.cz\/?page_id=12825"},"modified":"2024-12-15T22:18:51","modified_gmt":"2024-12-15T21:18:51","slug":"excel","status":"publish","type":"page","link":"https:\/\/kit.pef.czu.cz\/en\/publikace\/excel\/","title":{"rendered":"Excel"},"content":{"rendered":"<div class=\"wp-block-file\"><a id=\"wp-block-file--media-a96b66f6-c3cd-4ea3-be99-5423442816dc\" href=\"http:\/\/kit.pef.czu.cz\/wp-content\/uploads\/2024\/12\/cviceni_1_excel.zip\">exercise_1_excel<\/a><a href=\"http:\/\/kit.pef.czu.cz\/wp-content\/uploads\/2024\/12\/cviceni_1_excel.zip\" class=\"wp-block-file__button wp-element-button\" download aria-describedby=\"wp-block-file--media-a96b66f6-c3cd-4ea3-be99-5423442816dc\">Download<\/a><\/div>\n\n\n\n<div class=\"wp-block-file\"><a id=\"wp-block-file--media-164a2fcb-cc06-4f39-8bde-52d397ee0745\" href=\"http:\/\/kit.pef.czu.cz\/wp-content\/uploads\/2024\/12\/cviceni_2a_excel.zip\">exercise_2a_excel<\/a><a href=\"http:\/\/kit.pef.czu.cz\/wp-content\/uploads\/2024\/12\/cviceni_2a_excel.zip\" class=\"wp-block-file__button wp-element-button\" download aria-describedby=\"wp-block-file--media-164a2fcb-cc06-4f39-8bde-52d397ee0745\">Download<\/a><\/div>\n\n\n\n<div class=\"wp-block-file\"><a id=\"wp-block-file--media-c27557db-414c-404e-bb7a-c173cfe68e48\" href=\"http:\/\/kit.pef.czu.cz\/wp-content\/uploads\/2024\/12\/cviceni_2b_excel.zip\">exercise_2b_excel<\/a><a href=\"http:\/\/kit.pef.czu.cz\/wp-content\/uploads\/2024\/12\/cviceni_2b_excel.zip\" class=\"wp-block-file__button wp-element-button\" download aria-describedby=\"wp-block-file--media-c27557db-414c-404e-bb7a-c173cfe68e48\">Download<\/a><\/div>\n\n\n\n<div class=\"wp-block-file\"><a id=\"wp-block-file--media-6246f697-e489-4116-bcd5-52abb7d2e119\" href=\"http:\/\/kit.pef.czu.cz\/wp-content\/uploads\/2024\/12\/cviceni_3_excel.zip\">exercise_3_excel<\/a><a href=\"http:\/\/kit.pef.czu.cz\/wp-content\/uploads\/2024\/12\/cviceni_3_excel.zip\" class=\"wp-block-file__button wp-element-button\" download aria-describedby=\"wp-block-file--media-6246f697-e489-4116-bcd5-52abb7d2e119\">Download<\/a><\/div>","protected":false},"excerpt":{"rendered":"","protected":false},"author":19,"featured_media":0,"parent":12823,"menu_order":0,"comment_status":"closed","ping_status":"closed","template":"","meta":{"_eb_attr":"","_uag_custom_page_level_css":"","ngg_post_thumbnail":0,"footnotes":""},"class_list":["post-12825","page","type-page","status-publish","hentry"],"uagb_featured_image_src":{"full":false,"thumbnail":false,"medium":false,"medium_large":false,"large":false,"1536x1536":false,"2048x2048":false,"trp-custom-language-flag":false},"uagb_author_info":{"display_name":"\u0160t\u011bp\u00e1nka","author_link":"https:\/\/kit.pef.czu.cz\/en\/zpravy-akce-prednasky\/author\/xpros019studenti-czu-cz\/"},"uagb_comment_info":0,"uagb_excerpt":null,"_links":{"self":[{"href":"https:\/\/kit.pef.czu.cz\/en\/wp-json\/wp\/v2\/pages\/12825","targetHints":{"allow":["GET"]}}],"collection":[{"href":"https:\/\/kit.pef.czu.cz\/en\/wp-json\/wp\/v2\/pages"}],"about":[{"href":"https:\/\/kit.pef.czu.cz\/en\/wp-json\/wp\/v2\/types\/page"}],"author":[{"embeddable":true,"href":"https:\/\/kit.pef.czu.cz\/en\/wp-json\/wp\/v2\/users\/19"}],"replies":[{"embeddable":true,"href":"https:\/\/kit.pef.czu.cz\/en\/wp-json\/wp\/v2\/comments?post=12825"}],"version-history":[{"count":1,"href":"https:\/\/kit.pef.czu.cz\/en\/wp-json\/wp\/v2\/pages\/12825\/revisions"}],"predecessor-version":[{"id":12849,"href":"https:\/\/kit.pef.czu.cz\/en\/wp-json\/wp\/v2\/pages\/12825\/revisions\/12849"}],"up":[{"embeddable":true,"href":"https:\/\/kit.pef.czu.cz\/en\/wp-json\/wp\/v2\/pages\/12823"}],"wp:attachment":[{"href":"https:\/\/kit.pef.czu.cz\/en\/wp-json\/wp\/v2\/media?parent=12825"}],"curies":[{"name":"wp","href":"https:\/\/api.w.org\/{rel}","templated":true}]}}