{"id":12823,"date":"2024-12-15T22:08:22","date_gmt":"2024-12-15T21:08:22","guid":{"rendered":"https:\/\/kit.pef.czu.cz\/?page_id=12823"},"modified":"2024-12-15T22:22:56","modified_gmt":"2024-12-15T21:22:56","slug":"publikace","status":"publish","type":"page","link":"https:\/\/kit.pef.czu.cz\/en\/publikace\/","title":{"rendered":"Publications"},"content":{"rendered":"<p><\/p>\n\n\n\n<p><a href=\"https:\/\/kit.pef.czu.cz\/en\/publikace\/powerbi\/\" data-type=\"link\" data-id=\"https:\/\/kit.pef.czu.cz\/publikace\/powerbi\/\">PowerBI<\/a><\/p>\n\n\n\n<p><a href=\"https:\/\/kit.pef.czu.cz\/en\/publikace\/excel\/\" data-type=\"link\" data-id=\"https:\/\/kit.pef.czu.cz\/publikace\/excel\/\">Excel<\/a><\/p>\n\n\n\n<p><a href=\"https:\/\/kit.pef.czu.cz\/en\/publikace\/word\/\" data-type=\"link\" data-id=\"https:\/\/kit.pef.czu.cz\/publikace\/word\/\">Word<\/a><\/p>\n\n\n\n<p><\/p>","protected":false},"excerpt":{"rendered":"<p>PowerBI Excel Word<\/p>","protected":false},"author":19,"featured_media":0,"parent":0,"menu_order":0,"comment_status":"closed","ping_status":"closed","template":"","meta":{"_eb_attr":"","_uag_custom_page_level_css":"","ngg_post_thumbnail":0,"footnotes":""},"class_list":["post-12823","page","type-page","status-publish","hentry"],"uagb_featured_image_src":{"full":false,"thumbnail":false,"medium":false,"medium_large":false,"large":false,"1536x1536":false,"2048x2048":false,"trp-custom-language-flag":false},"uagb_author_info":{"display_name":"\u0160t\u011bp\u00e1nka","author_link":"https:\/\/kit.pef.czu.cz\/en\/zpravy-akce-prednasky\/author\/xpros019studenti-czu-cz\/"},"uagb_comment_info":0,"uagb_excerpt":"PowerBI Excel Word","_links":{"self":[{"href":"https:\/\/kit.pef.czu.cz\/en\/wp-json\/wp\/v2\/pages\/12823","targetHints":{"allow":["GET"]}}],"collection":[{"href":"https:\/\/kit.pef.czu.cz\/en\/wp-json\/wp\/v2\/pages"}],"about":[{"href":"https:\/\/kit.pef.czu.cz\/en\/wp-json\/wp\/v2\/types\/page"}],"author":[{"embeddable":true,"href":"https:\/\/kit.pef.czu.cz\/en\/wp-json\/wp\/v2\/users\/19"}],"replies":[{"embeddable":true,"href":"https:\/\/kit.pef.czu.cz\/en\/wp-json\/wp\/v2\/comments?post=12823"}],"version-history":[{"count":2,"href":"https:\/\/kit.pef.czu.cz\/en\/wp-json\/wp\/v2\/pages\/12823\/revisions"}],"predecessor-version":[{"id":12854,"href":"https:\/\/kit.pef.czu.cz\/en\/wp-json\/wp\/v2\/pages\/12823\/revisions\/12854"}],"wp:attachment":[{"href":"https:\/\/kit.pef.czu.cz\/en\/wp-json\/wp\/v2\/media?parent=12823"}],"curies":[{"name":"wp","href":"https:\/\/api.w.org\/{rel}","templated":true}]}}