{"id":12759,"date":"2024-11-22T11:27:23","date_gmt":"2024-11-22T10:27:23","guid":{"rendered":"https:\/\/kit.pef.czu.cz\/?page_id=12759"},"modified":"2024-12-15T22:09:31","modified_gmt":"2024-12-15T21:09:31","slug":"powerbi","status":"publish","type":"page","link":"https:\/\/kit.pef.czu.cz\/en\/publikace\/powerbi\/","title":{"rendered":"PowerBI"},"content":{"rendered":"<p>It serves as supplementary material to the PPS\u0158 2023 modules.<\/p>\n\n\n\n<p><strong>Educational materials<\/strong><\/p>\n\n\n\n<p><a href=\"https:\/\/drive.google.com\/drive\/folders\/1dZ6cLKvqTez_difwFL5erInOoIDqT6W9\">PowerBI<\/a><\/p>\n\n\n\n<p><\/p>","protected":false},"excerpt":{"rendered":"<p>It serves as supplementary material to the PPS\u0158 2023 modules. PoweBI teaching materials<\/p>","protected":false},"author":19,"featured_media":0,"parent":12823,"menu_order":0,"comment_status":"closed","ping_status":"closed","template":"","meta":{"_eb_attr":"","_uag_custom_page_level_css":"","ngg_post_thumbnail":0,"footnotes":""},"class_list":["post-12759","page","type-page","status-publish","hentry"],"uagb_featured_image_src":{"full":false,"thumbnail":false,"medium":false,"medium_large":false,"large":false,"1536x1536":false,"2048x2048":false,"trp-custom-language-flag":false},"uagb_author_info":{"display_name":"\u0160t\u011bp\u00e1nka","author_link":"https:\/\/kit.pef.czu.cz\/en\/zpravy-akce-prednasky\/author\/xpros019studenti-czu-cz\/"},"uagb_comment_info":0,"uagb_excerpt":"Slou\u017e\u00ed jako dopl\u0148kov\u00fd materi\u00e1l k modul\u016fm PPS\u0158 2023. V\u00fdukov\u00e9 materi\u00e1ly PoweBI","_links":{"self":[{"href":"https:\/\/kit.pef.czu.cz\/en\/wp-json\/wp\/v2\/pages\/12759","targetHints":{"allow":["GET"]}}],"collection":[{"href":"https:\/\/kit.pef.czu.cz\/en\/wp-json\/wp\/v2\/pages"}],"about":[{"href":"https:\/\/kit.pef.czu.cz\/en\/wp-json\/wp\/v2\/types\/page"}],"author":[{"embeddable":true,"href":"https:\/\/kit.pef.czu.cz\/en\/wp-json\/wp\/v2\/users\/19"}],"replies":[{"embeddable":true,"href":"https:\/\/kit.pef.czu.cz\/en\/wp-json\/wp\/v2\/comments?post=12759"}],"version-history":[{"count":2,"href":"https:\/\/kit.pef.czu.cz\/en\/wp-json\/wp\/v2\/pages\/12759\/revisions"}],"predecessor-version":[{"id":12826,"href":"https:\/\/kit.pef.czu.cz\/en\/wp-json\/wp\/v2\/pages\/12759\/revisions\/12826"}],"up":[{"embeddable":true,"href":"https:\/\/kit.pef.czu.cz\/en\/wp-json\/wp\/v2\/pages\/12823"}],"wp:attachment":[{"href":"https:\/\/kit.pef.czu.cz\/en\/wp-json\/wp\/v2\/media?parent=12759"}],"curies":[{"name":"wp","href":"https:\/\/api.w.org\/{rel}","templated":true}]}}