{"id":12749,"date":"2024-11-21T08:20:10","date_gmt":"2024-11-21T07:20:10","guid":{"rendered":"https:\/\/kit.pef.czu.cz\/?page_id=12749"},"modified":"2024-11-21T08:20:10","modified_gmt":"2024-11-21T07:20:10","slug":"vypoczemzamcu","status":"publish","type":"page","link":"https:\/\/kit.pef.czu.cz\/en\/vypoczemzamcu\/","title":{"rendered":"Instructions for calculating the number of employees on an agricultural holding"},"content":{"rendered":"<p>As part of the form focused on the use of digital data in agriculture, it is necessary to determine the number of employees in your company. We are aware that the structure of the workforce in agriculture is often diverse (seasonal workers, part-time workers, external collaboration). This guide will help you to make the most of it as quickly as possible <strong>estimate<\/strong>.<\/p>\n\n\n\n<hr class=\"wp-block-separator has-alpha-channel-opacity\"\/>\n\n\n\n<h1 class=\"wp-block-heading\">Simplified access by type of employment<\/h1>\n\n\n\n<p>Proceed as follows:<\/p>\n\n\n\n<ol start=\"1\" class=\"wp-block-list\">\n<li><strong>Seasonal workers<\/strong>: Budget their work based on the time they actually work in a year.\n<ul class=\"wp-block-list\">\n<li>For example, an employee works full-time for 2 months a year \u2192 count as 1\/6 of the full-time position per month.<\/li>\n<\/ul>\n<\/li>\n\n\n\n<li><strong>Part-time jobs and agreements (DPP, DP\u010c)<\/strong>:\n<ul class=\"wp-block-list\">\n<li>DPP\/DP\u010c and part-time work (typically a mother on maternity leave with the possibility of extra income) count as\n<ol start=\"1\" class=\"wp-block-list\">\n<li>1 person per month if they work at least 2\/3 of the normal working hours.<\/li>\n\n\n\n<li>Half a person per month, if they work at least 1\/3 of normal working hours, but not 2\/3 or more.<\/li>\n<\/ol>\n<\/li>\n<\/ul>\n<\/li>\n\n\n\n<li><strong>Externalists<\/strong>: Decide based on their involvement in the business&#039;s normal operations:\n<ul class=\"wp-block-list\">\n<li>Do not include supplier services, such as technical support.<\/li>\n\n\n\n<li>External employees who work in the company <strong>regularly<\/strong>, include as employees if they work at least 30 hours per month. A typical example is IT technicians, who are outsourced mainly to smaller agricultural cooperatives. The reduced calculation threshold takes into account the high and narrowly profiled expertise of the given worker, whose replacement with a less professional but more versatile worker would require a higher time allocation for the specialization operated.<\/li>\n<\/ul>\n<\/li>\n\n\n\n<li><strong>Full-time jobs<\/strong> are of course counted adequately in full according to the number of employees.<\/li>\n<\/ol>\n\n\n\n<h2 class=\"wp-block-heading\">Example<\/h2>\n\n\n\n<p>The agricultural enterprise has<\/p>\n\n\n\n<ul class=\"wp-block-list\">\n<li>11 full-time employees<\/li>\n\n\n\n<li>2 seasonal workers, each only working approximately 6 months a year<\/li>\n\n\n\n<li>1 DPP\/DP\u010c temporary worker who works 80 hours per month<\/li>\n\n\n\n<li>1 DPP\/DP\u010c temporary worker who works 10 hours per month<\/li>\n\n\n\n<li>1 accountant on maternity leave who still works 120 hours per month<\/li>\n\n\n\n<li>1 external IT technician regularly commuting for 40 hours per month from a nearby IT company<\/li>\n<\/ul>\n\n\n\n<p>So the calculation is 11 + (2\u00d70.5) + 0.5 + 0 + 1 + 1 = 14.5&nbsp;<\/p>\n\n\n\n<p>After rounding to whole numbers <strong>15<\/strong> workers.<\/p>\n\n\n\n<hr class=\"wp-block-separator has-alpha-channel-opacity\"\/>\n\n\n\n<h1 class=\"wp-block-heading\">A more accurate approach by calculating FTE (Full-Time Equivalent)<\/h1>\n\n\n\n<p><strong>Definition of FTE:<\/strong> One FTE is equivalent to one full-time employee working 168 hours per month. To calculate the total number of employees, do the following:<\/p>\n\n\n\n<ol start=\"1\" class=\"wp-block-list\">\n<li>Add up the annual hours worked by all employees (including seasonal and external).<\/li>\n\n\n\n<li>Divide by the number of working hours in the month.<\/li>\n\n\n\n<li>Round according to the rounding rules and fill in the form.<\/li>\n<\/ol>\n\n\n\n<p>This calculation requires relatively detailed knowledge of statistics for the past year (the entire year is taken into account due to the seasonality of agriculture) and is not absolutely necessary for the purposes of the form.<\/p>\n\n\n\n<p><\/p>","protected":false},"excerpt":{"rendered":"<p>As part of the form focused on the use of digital data in agriculture, it is necessary to determine the number of employees in your company. We are aware that the structure of the workforce in agriculture is often diverse (seasonal workers, part-time workers, external cooperation). This guide will help you make an estimate as quickly as possible. Simplified approach by type of employment Proceed as follows: Example An agricultural company has 15 employees. The calculation is therefore 11 + (2\u00d70.5) + 0.5 + 0 + 1 + 1 = 14.5 After rounding to integers. A more accurate approach by calculating FTE (Full-Time Equivalent) Definition of FTE: One FTE corresponds to one full-time employee who works 168 hours per month. To calculate the total number of employees<\/p>","protected":false},"author":19,"featured_media":0,"parent":0,"menu_order":0,"comment_status":"closed","ping_status":"closed","template":"","meta":{"_eb_attr":"","_uag_custom_page_level_css":"","ngg_post_thumbnail":0,"footnotes":""},"class_list":["post-12749","page","type-page","status-publish","hentry"],"uagb_featured_image_src":{"full":false,"thumbnail":false,"medium":false,"medium_large":false,"large":false,"1536x1536":false,"2048x2048":false,"trp-custom-language-flag":false},"uagb_author_info":{"display_name":"\u0160t\u011bp\u00e1nka","author_link":"https:\/\/kit.pef.czu.cz\/en\/zpravy-akce-prednasky\/author\/xpros019studenti-czu-cz\/"},"uagb_comment_info":0,"uagb_excerpt":"V r\u00e1mci formul\u00e1\u0159e zam\u011b\u0159en\u00e9ho na vyu\u017eit\u00ed digit\u00e1ln\u00edch dat v&nbsp;zem\u011bd\u011blsk\u00e9m podniku je nutn\u00e9 stanovit po\u010det zam\u011bstnanc\u016f Va\u0161eho podniku. Uv\u011bdomujeme si, \u017ee struktura pracovn\u00edch sil v zem\u011bd\u011blstv\u00ed je \u010dasto r\u016fznorod\u00e1 (sez\u00f3nn\u00ed pracovn\u00edci, \u010d\u00e1ste\u010dn\u00e9 \u00favazky, extern\u00ed spolupr\u00e1ce). Tento n\u00e1vod v\u00e1m pom\u016f\u017ee prov\u00e9st co nejrychlej\u0161\u00ed odhad. Zjednodu\u0161en\u00fd p\u0159\u00edstup podle typu \u00favazku Postupujte n\u00e1sledovn\u011b: P\u0159\u00edklad Zem\u011bd\u011blsk\u00fd podnik m\u00e1 V\u00fdpo\u010det tedy&hellip;","_links":{"self":[{"href":"https:\/\/kit.pef.czu.cz\/en\/wp-json\/wp\/v2\/pages\/12749","targetHints":{"allow":["GET"]}}],"collection":[{"href":"https:\/\/kit.pef.czu.cz\/en\/wp-json\/wp\/v2\/pages"}],"about":[{"href":"https:\/\/kit.pef.czu.cz\/en\/wp-json\/wp\/v2\/types\/page"}],"author":[{"embeddable":true,"href":"https:\/\/kit.pef.czu.cz\/en\/wp-json\/wp\/v2\/users\/19"}],"replies":[{"embeddable":true,"href":"https:\/\/kit.pef.czu.cz\/en\/wp-json\/wp\/v2\/comments?post=12749"}],"version-history":[{"count":1,"href":"https:\/\/kit.pef.czu.cz\/en\/wp-json\/wp\/v2\/pages\/12749\/revisions"}],"predecessor-version":[{"id":12750,"href":"https:\/\/kit.pef.czu.cz\/en\/wp-json\/wp\/v2\/pages\/12749\/revisions\/12750"}],"wp:attachment":[{"href":"https:\/\/kit.pef.czu.cz\/en\/wp-json\/wp\/v2\/media?parent=12749"}],"curies":[{"name":"wp","href":"https:\/\/api.w.org\/{rel}","templated":true}]}}