{"id":12499,"date":"2024-09-23T08:19:36","date_gmt":"2024-09-23T06:19:36","guid":{"rendered":"https:\/\/kit.pef.czu.cz\/?page_id=12499"},"modified":"2024-09-23T08:19:38","modified_gmt":"2024-09-23T06:19:38","slug":"phd","status":"publish","type":"page","link":"https:\/\/kit.pef.czu.cz\/en\/phd\/","title":{"rendered":"Possibilities of doctoral studies, obtaining the title of Ph.D. and possibly further work in the academic environment of CZU."},"content":{"rendered":"<p><\/p>\n\n\n\n<h2 class=\"wp-block-heading\"><strong>What is a PhD?<\/strong><\/h2>\n\n\n\n<p>Doctoral studies are the 3rd level of higher education. It is completed with a Ph.D. As a rule, it lasts 4 years, but it can be completed in a shorter period of time, or on the contrary, it can be extended by up to 2 years.<\/p>\n\n\n\n<p>Studying is already less formalized. Focused not only on pedagogical activity, but mainly on the scientific one.<\/p>\n\n\n\n<p>You can learn more about the specifics and options for KIT in the following text.&nbsp;<\/p>\n\n\n\n<h2 class=\"wp-block-heading\"><strong>Why a doctorate and further work at the university?<\/strong><\/h2>\n\n\n\n<p>It&#039;s an interesting job. You have the possibility of your own direction, flexibility.<\/p>\n\n\n\n<p>After graduation, you can call yourself a doctor, or even a scientist. And you don&#039;t have to go to medicine.<\/p>\n\n\n\n<h2 class=\"wp-block-heading\"><strong>Research directions of the department<\/strong><\/h2>\n\n\n\n<ul class=\"wp-block-list\">\n<li>Big Data, Data management<\/li>\n\n\n\n<li>Machine learning, Artificial intelligence<\/li>\n\n\n\n<li>UX and usability<\/li>\n\n\n\n<li>IoT, Precision Agriculture<\/li>\n\n\n\n<li>DPZ, GIS<\/li>\n\n\n\n<li>Digital transformation<\/li>\n\n\n\n<li>ICT and e-Government<\/li>\n\n\n\n<li>ICT security<\/li>\n\n\n\n<li>Technological and functional innovation of the company&#039;s IS<\/li>\n\n\n\n<li>Digital technology and information ethics<\/li>\n\n\n\n<li>Management of development, maintenance and optimization of web applications<\/li>\n\n\n\n<li>... and other topics&nbsp;<\/li>\n\n\n\n<li>own theme?<\/li>\n<\/ul>\n\n\n\n<p><\/p>\n\n\n\n<h2 class=\"wp-block-heading\"><strong>KIT activities<\/strong><\/h2>\n\n\n\n<ul class=\"wp-block-list\">\n<li>Pedagogical activity \u2013 teaching, management of BP\/DP work<\/li>\n\n\n\n<li>Web application development<\/li>\n\n\n\n<li>Management of existing portals<\/li>\n\n\n\n<li>UX, usability testing<\/li>\n\n\n\n<li>Cooperation not only with foreign entities<\/li>\n\n\n\n<li>Work on scientific and commercial projects<\/li>\n\n\n\n<li>Writing scientific articles<\/li>\n\n\n\n<li>Contract research<\/li>\n\n\n\n<li>Participation in foreign conferences<\/li>\n<\/ul>\n\n\n\n<p><\/p>\n\n\n\n<h2 class=\"wp-block-heading\"><strong>Specific options for Ph.D. studies at KIT<\/strong><\/h2>\n\n\n\n<ul class=\"wp-block-list\">\n<li>The possibility of further staying and working at the university<\/li>\n\n\n\n<li>See the university from the inside<\/li>\n\n\n\n<li>Involvement in the activities of the department<\/li>\n\n\n\n<li>Training - personal development<\/li>\n\n\n\n<li>Trips abroad for internships, research<\/li>\n\n\n\n<li>Friendly approach to working hours, good team<\/li>\n\n\n\n<li>Holidays, vacation (educators 40 days)<\/li>\n\n\n\n<li>Foreign trips - conferences and workshops (when there is no pandemic)<\/li>\n\n\n\n<li>Attendance at the department 1 to 5 days a week - by arrangement<\/li>\n<\/ul>\n\n\n\n<p><\/p>\n\n\n\n<h2 class=\"wp-block-heading\"><strong>Study support<\/strong><\/h2>\n\n\n\n<ul class=\"wp-block-list\">\n<li>Scholarship: up to 12,000 CZK + participation in KIT projects<\/li>\n\n\n\n<li>Internal Grant Agency (scholarships, conferences)<\/li>\n\n\n\n<li>Trips - Erasmus+<\/li>\n\n\n\n<li>IRP projects \u2013 Training, SW, subject development<\/li>\n\n\n\n<li>Doctoral conference Think Together<\/li>\n\n\n\n<li>Incentive program<\/li>\n\n\n\n<li>New field and rules\n<ul class=\"wp-block-list\">\n<li>Only 3 compulsory subjects\n<ul class=\"wp-block-list\">\n<li>Exams are usually in the form of a professional debate<\/li>\n<\/ul>\n<\/li>\n\n\n\n<li>Credit system<\/li>\n\n\n\n<li>Optional subjects\n<ul class=\"wp-block-list\">\n<li>Possibility of offsetting for scientific outputs<\/li>\n<\/ul>\n<\/li>\n<\/ul>\n<\/li>\n<\/ul>\n\n\n\n<p><\/p>\n\n\n\n<h2 class=\"wp-block-heading\"><strong>Are you interested? How do you proceed?<\/strong><\/h2>\n\n\n\n<ul class=\"wp-block-list\">\n<li>Contact the head of DP, a potential supervisor, or the head of the department (by phone, e-mail)<\/li>\n\n\n\n<li>Agree on the research plan and topic&nbsp;<\/li>\n\n\n\n<li>The application is usually&nbsp;<strong>until the end of April<\/strong><\/li>\n\n\n\n<li>Admission procedure<strong>&nbsp;June&nbsp;<\/strong>\n<ul class=\"wp-block-list\">\n<li>Discussion of the research plan<\/li>\n<\/ul>\n<\/li>\n\n\n\n<li>Start in September (but possible from July)<\/li>\n<\/ul>\n\n\n\n<p><\/p>\n\n\n\n<h3 class=\"wp-block-heading\"><strong>Trainers<\/strong><\/h3>\n\n\n\n<ul class=\"wp-block-list\">\n<li>doc. Ing. Jan Jarol\u00edmek, Ph.D.<\/li>\n\n\n\n<li>doc. Ing. Jan Masner, Ph.D.<\/li>\n\n\n\n<li>doc. Ing. Michal Sto\u010des, Ph.D.<\/li>\n\n\n\n<li>doc. Ing. Edita \u0160ilerov\u00e1, Ph.D.<\/li>\n\n\n\n<li>doc. Ing. Pavel \u0160imek, Ph.D.<\/li>\n\n\n\n<li>doc. Ing. Ji\u0159\u00ed Van\u011bk, Ph.D.<\/li>\n<\/ul>\n\n\n\n<p><\/p>\n\n\n\n<h3 class=\"wp-block-heading\"><strong>Listed topics<\/strong><\/h3>\n\n\n\n<ul class=\"wp-block-list\">\n<li>Methodological framework for the innovation of information systems of enterprises and organizations<\/li>\n\n\n\n<li>Technological and functional innovation of information systems<\/li>\n\n\n\n<li>Management of development, maintenance and optimization of web applications<\/li>\n\n\n\n<li>Internet of Things in Life Sciences<\/li>\n\n\n\n<li>ICT to support regional development and e-Government<\/li>\n\n\n\n<li>Open Data and Big Data - new approaches and possibilities<\/li>\n<\/ul>\n\n\n\n<p><\/p>\n\n\n\n<p><strong>The specific topic and direction is always subject to individual agreement.<\/strong><\/p>","protected":false},"excerpt":{"rendered":"<p>What is a doctoral study? A doctoral study is the 3rd level of higher education. It is concluded with a Ph.D. degree. It usually lasts 4 years, but can be completed in a shorter period of time, or, conversely, extended by up to 2 years by taking a break. The study is less formalized. Focused not only on teaching activities, but mainly on scientific ones. You can learn more about the specifics and opportunities at KIT in the following text. Why a doctorate and further work at the university? It is an interesting job. You have the opportunity to choose your own direction, flexibility. After graduating, you can call yourself a doctor, or even a scientist. And you don&#039;t have to go to medicine. Research directions of the department KIT activities Specific opportunities for Ph.D.<\/p>","protected":false},"author":4,"featured_media":0,"parent":0,"menu_order":0,"comment_status":"closed","ping_status":"closed","template":"","meta":{"_eb_attr":"","_uag_custom_page_level_css":"","ngg_post_thumbnail":0,"footnotes":""},"class_list":["post-12499","page","type-page","status-publish","hentry"],"uagb_featured_image_src":{"full":false,"thumbnail":false,"medium":false,"medium_large":false,"large":false,"1536x1536":false,"2048x2048":false,"trp-custom-language-flag":false},"uagb_author_info":{"display_name":"Eva K\u00e1nsk\u00e1","author_link":"https:\/\/kit.pef.czu.cz\/en\/zpravy-akce-prednasky\/author\/kanska\/"},"uagb_comment_info":0,"uagb_excerpt":"Co je doktorsk\u00e9 studium? Doktorsk\u00e9 studium je 3. stupn\u011bm vysoko\u0161kolsk\u00e9ho vzd\u011bl\u00e1v\u00e1n\u00ed. Je zakon\u010den titulem Ph.D. Zpravidla trv\u00e1 4 roky, ale lze stihnout i v krat\u0161\u00ed dob\u011b, nebo naopak p\u0159eru\u0161en\u00edm a\u017e o 2 roky prodlou\u017eit. Studium je ji\u017e m\u00e9n\u011b formalizovan\u00e9. Zam\u011b\u0159en\u00e9 nejen na pedagogickou \u010dinnost, ale hlavn\u011b na tu v\u011bdeckou. V\u00edce se o specifik\u00e1ch a mo\u017enostech&hellip;","_links":{"self":[{"href":"https:\/\/kit.pef.czu.cz\/en\/wp-json\/wp\/v2\/pages\/12499","targetHints":{"allow":["GET"]}}],"collection":[{"href":"https:\/\/kit.pef.czu.cz\/en\/wp-json\/wp\/v2\/pages"}],"about":[{"href":"https:\/\/kit.pef.czu.cz\/en\/wp-json\/wp\/v2\/types\/page"}],"author":[{"embeddable":true,"href":"https:\/\/kit.pef.czu.cz\/en\/wp-json\/wp\/v2\/users\/4"}],"replies":[{"embeddable":true,"href":"https:\/\/kit.pef.czu.cz\/en\/wp-json\/wp\/v2\/comments?post=12499"}],"version-history":[{"count":1,"href":"https:\/\/kit.pef.czu.cz\/en\/wp-json\/wp\/v2\/pages\/12499\/revisions"}],"predecessor-version":[{"id":12500,"href":"https:\/\/kit.pef.czu.cz\/en\/wp-json\/wp\/v2\/pages\/12499\/revisions\/12500"}],"wp:attachment":[{"href":"https:\/\/kit.pef.czu.cz\/en\/wp-json\/wp\/v2\/media?parent=12499"}],"curies":[{"name":"wp","href":"https:\/\/api.w.org\/{rel}","templated":true}]}}