{"id":12327,"date":"2024-09-21T14:08:03","date_gmt":"2024-09-21T12:08:03","guid":{"rendered":"https:\/\/kit.pef.czu.cz\/?page_id=12327"},"modified":"2025-09-01T17:11:10","modified_gmt":"2025-09-01T15:11:10","slug":"smart-skills","status":"publish","type":"page","link":"https:\/\/kit.pef.czu.cz\/en\/projekty\/smart-skills\/","title":{"rendered":"SMART SKILLS"},"content":{"rendered":"<p>The Department of Information Technologies participates in the Smart Skills project as part of Erasmus+. Coordinates WP 3 \u2013 WP3 SMARTSKILL DIGITAL LEARNING PLATFORM.<\/p>\n\n\n\n<p><strong><u>About the project<\/u><\/strong><\/p>\n\n\n\n<p>Smartskills is an innovative project that will collaboratively develop tools and support to bridge the skills and knowledge gap between VET educators and rural agri-SMEs\/farmers to recognize the link between digital literacy and required climate action and use innovative tools to solve and improve sustainability issues and become change makers in and for Europe.<\/p>\n\n\n\n<p><strong><u>Project objectives<\/u><\/strong><\/p>\n\n\n\n<p>The aim of SMART SKILLS is to strengthen digital literacy and the exchange of innovative practices throughout the EU agri-sector. The initiative is in line with the urgent objectives of combating climate change, meeting the goals of sustainable development and promoting rural sustainability. Goals include:<\/p>\n\n\n\n<p>\u2022 Addressing cultural and professional barriers to digital adoption in agriculture<\/p>\n\n\n\n<p>\u2022 Evaluation and sharing of best practices in digital technologies in the agricultural sector<\/p>\n\n\n\n<p>\u2022 Directly multiplying our results with regional stakeholders \/ rural developers<\/p>\n\n\n\n<p><strong><u>Duration of the project:<\/u><\/strong>&nbsp;1\/4\/2024 \u2013 30\/9\/2026<\/p>\n\n\n\n<p><strong>Website: <\/strong><a href=\"https:\/\/smartskillsproject.eu\/welcome-to-the-smart-skills-project\/\">https:\/\/smartskillsproject.eu\/welcome-to-the-smart-skills-project\/<\/a> <\/p>\n\n\n\n<p><strong><u>Partners:<\/u><\/strong><\/p>\n\n\n\n<ul class=\"wp-block-list\">\n<li>Instytut Hodowli i Aklimatizacji Roslin Panstwowy Instytut Badawczy Zaklad Doswiadczalny Grodkowice, PL (project coordinator)<\/li>\n\n\n\n<li>STOWARZYSZENIE ARID, PL<\/li>\n\n\n\n<li>New Edu, well, SLO<\/li>\n\n\n\n<li>Momentum marketing services limited, IE<\/li>\n\n\n\n<li>MERIDAUNIA SOC. CONS. ARL, IT<\/li>\n\n\n\n<li>European E-learning Institute, DK<\/li>\n<\/ul>","protected":false},"excerpt":{"rendered":"<p>The Department of Information Technologies participates in the Smart Skills project as part of Erasmus+. Coordinates WP 3 \u2013 WP3 SMARTSKILL DIGITAL LEARNING PLATFORM. About Smartskills is an innovative project to collaboratively develop tools and support to bridge the skills and knowledge gap between VET educators and rural agri-SMEs\/farmers to recognize the link between digital literacy and the required actions in climate and use innovative tools to solve and improve sustainability issues and become change makers in and for Europe. Objectives of the project The objective of SMART SKILLS is to strengthen digital literacy and the exchange of innovative practices throughout<\/p>","protected":false},"author":19,"featured_media":0,"parent":45,"menu_order":0,"comment_status":"closed","ping_status":"closed","template":"","meta":{"_eb_attr":"","_uag_custom_page_level_css":"","ngg_post_thumbnail":0,"footnotes":""},"class_list":["post-12327","page","type-page","status-publish","hentry"],"uagb_featured_image_src":{"full":false,"thumbnail":false,"medium":false,"medium_large":false,"large":false,"1536x1536":false,"2048x2048":false,"trp-custom-language-flag":false},"uagb_author_info":{"display_name":"\u0160t\u011bp\u00e1nka","author_link":"https:\/\/kit.pef.czu.cz\/en\/zpravy-akce-prednasky\/author\/xpros019studenti-czu-cz\/"},"uagb_comment_info":0,"uagb_excerpt":"Katedra informa\u010dn\u00edch technologi\u00ed se pod\u00edl\u00ed na projektu Smart Skills v r\u00e1mci Erasmus+.&nbsp;Koordinuje WP 3 \u2013 WP3 SMARTSKILL DIGITAL LEARNING PLATFORM. O projektu Smartskills je inovativn\u00ed projekt, kter\u00fd ve spolupr\u00e1ci vyvine takov\u00e9 n\u00e1stroje a podporu, aby mohla b\u00fdt zapln\u011bna mezera v dovednostech a znalostech mezi vzd\u011blavateli odborn\u00e9ho vzd\u011bl\u00e1v\u00e1n\u00ed a p\u0159\u00edpravy a venkovsk\u00fdmi agro-MSP\/zem\u011bd\u011blci tak, abychom rozpoznali&hellip;","_links":{"self":[{"href":"https:\/\/kit.pef.czu.cz\/en\/wp-json\/wp\/v2\/pages\/12327","targetHints":{"allow":["GET"]}}],"collection":[{"href":"https:\/\/kit.pef.czu.cz\/en\/wp-json\/wp\/v2\/pages"}],"about":[{"href":"https:\/\/kit.pef.czu.cz\/en\/wp-json\/wp\/v2\/types\/page"}],"author":[{"embeddable":true,"href":"https:\/\/kit.pef.czu.cz\/en\/wp-json\/wp\/v2\/users\/19"}],"replies":[{"embeddable":true,"href":"https:\/\/kit.pef.czu.cz\/en\/wp-json\/wp\/v2\/comments?post=12327"}],"version-history":[{"count":1,"href":"https:\/\/kit.pef.czu.cz\/en\/wp-json\/wp\/v2\/pages\/12327\/revisions"}],"predecessor-version":[{"id":13339,"href":"https:\/\/kit.pef.czu.cz\/en\/wp-json\/wp\/v2\/pages\/12327\/revisions\/13339"}],"up":[{"embeddable":true,"href":"https:\/\/kit.pef.czu.cz\/en\/wp-json\/wp\/v2\/pages\/45"}],"wp:attachment":[{"href":"https:\/\/kit.pef.czu.cz\/en\/wp-json\/wp\/v2\/media?parent=12327"}],"curies":[{"name":"wp","href":"https:\/\/api.w.org\/{rel}","templated":true}]}}