{"id":12257,"date":"2024-05-07T11:07:10","date_gmt":"2024-05-07T09:07:10","guid":{"rendered":"https:\/\/kit.pef.czu.cz\/?page_id=12257"},"modified":"2025-05-23T11:37:54","modified_gmt":"2025-05-23T09:37:54","slug":"agritech-eu","status":"publish","type":"page","link":"https:\/\/kit.pef.czu.cz\/en\/projekty\/agritech-eu\/","title":{"rendered":"AGRITECH EU"},"content":{"rendered":"<p><strong>AGRITECH EU \u2013 DIGITAL AGRICULTURE FOR SUSTAINABLE DEVELOPMENT<\/strong><\/p>\n\n\n\n<p>1\/1\/2024 \u2013 30\/12\/2027<\/p>\n\n\n\n<div class=\"wp-block-group is-nowrap is-layout-flex wp-container-core-group-is-layout-6c531013 wp-block-group-is-layout-flex\">\n<p><strong>The project AGRITECH EU - Digital agriculture for sustainable development aims to create a European catalog of advanced training modules for experts in digital agriculture. The project includes a network of 13 international partners coordinated by the Department of Agricultural, Food and Agro-Environmental Sciences of the University of Pisa.<\/strong><\/p>\n<\/div>\n\n\n\n<p><a href=\"https:\/\/agritech.wn.cloud.isti.cnr.it\/news-letter\/\"><strong>Newsletter<\/strong><\/a> <\/p>\n\n\n\n<p><a href=\"https:\/\/kit.pef.czu.cz\/en\/zpravy-akce-prednasky\/novy-newsletter-projektu-agridigital-skills\/\"><strong>Newsletter (CZ)<\/strong><\/a><\/p>\n\n\n\n<p><a href=\"https:\/\/kit.pef.czu.cz\/en\/zpravy-akce-prednasky\/category\/projekty\/agritech-eu\/\"><strong>News<\/strong><\/a><strong> <\/strong><\/p>\n\n\n\n<div class=\"wp-block-group is-nowrap is-layout-flex wp-container-core-group-is-layout-6c531013 wp-block-group-is-layout-flex\">\n<p>The AGRITECH EU project will strengthen agricultural education by integrating digital technologies. Through collaborative curriculum development and partnerships, the project seeks to equip future agricultural professionals with the necessary knowledge and skills to succeed in a digitized agricultural landscape.<\/p>\n\n\n\n<figure class=\"wp-block-image size-large\"><img decoding=\"async\" width=\"1024\" height=\"472\" src=\"https:\/\/kit.pef.czu.cz\/wp-content\/uploads\/2024\/05\/logo-agritech-eu-2-1024x472.png\" alt=\"\" class=\"wp-image-12261\" srcset=\"https:\/\/kit.pef.czu.cz\/wp-content\/uploads\/2024\/05\/logo-agritech-eu-2-1024x472.png 1024w, https:\/\/kit.pef.czu.cz\/wp-content\/uploads\/2024\/05\/logo-agritech-eu-2-300x138.png 300w, https:\/\/kit.pef.czu.cz\/wp-content\/uploads\/2024\/05\/logo-agritech-eu-2-768x354.png 768w, https:\/\/kit.pef.czu.cz\/wp-content\/uploads\/2024\/05\/logo-agritech-eu-2-18x8.png 18w, https:\/\/kit.pef.czu.cz\/wp-content\/uploads\/2024\/05\/logo-agritech-eu-2.png 1097w\" sizes=\"(max-width: 1024px) 100vw, 1024px\" \/><\/figure>\n<\/div>\n\n\n\n<p>The AGRITECH EU project represents a joint effort aimed at accelerating the digital revolution in the agricultural sector while promoting sustainable practices. This initiative, co-funded by the European Union, brings together a consortium of universities, experts, researchers and industrial partners dedicated to promoting advances in digital agriculture for sustainable development.<\/p>\n\n\n\n<p>The main objective of the AGRITECH EU project is:<\/p>\n\n\n\n<p>design and implementation of higher education program(s) - master&#039;s degree (at ISCED level 7 or equivalent):<\/p>\n\n\n\n<ul class=\"wp-block-list\">\n<li>enrichment of existing bachelor&#039;s and master&#039;s studies<\/li>\n\n\n\n<li>development of related standalone modules\/courses (online or in person)<\/li>\n\n\n\n<li>train digital transition specialists for farms and food companies, leading to recognized certifications.<\/li>\n<\/ul>\n\n\n\n<p>These goals will be achieved by a European consortium of 7 higher education institutions, 5 companies and 1 research and excellence center.<\/p>\n\n\n\n<p><strong>Project start:<\/strong>: 1. 1. 2024<\/p>\n\n\n\n<p><strong>Finish:<\/strong>&nbsp;31. 12. 2027<\/p>\n\n\n\n<p><strong>Funded:&nbsp;<\/strong>Co-financed by the European Union. However, the views and opinions expressed are solely those of the author(s) and do not necessarily reflect those of the European Union or the European Health and Digital Agency (HADEA). Neither the European Union nor the supporting body can be held responsible for them. Project n<sup>O <\/sup>101123258.<\/p>\n\n\n\n<p><strong>Web:<\/strong>&nbsp; <a href=\"https:\/\/agritech.wn.cloud.isti.cnr.it\/\">https:\/\/agritech.wn.cloud.isti.cnr.it\/<\/a> &nbsp;<\/p>\n\n\n\n<p><strong>Partners:<\/strong><\/p>\n\n\n\n<ol start=\"1\" class=\"wp-block-list\">\n<li>UNIVERSITY OF PISA (IT) \u2013 coordinator<\/li>\n\n\n\n<li>INSTITUT NATIONAL D&#039;ENSEIGNEMENT SUP\u00c9RIEUR POUR L&#039;AGRICULTURE, L&#039;ALIMENTATION ET L&#039;ENVIRONNEMENT (FR)<\/li>\n\n\n\n<li>UNIVERSIT\u00c0 DEGLI STUDI DI MACERATA (IT)<\/li>\n<\/ol>\n\n\n\n<ol start=\"4\" class=\"wp-block-list\">\n<li>GENT UNIVERSITY (BE)<\/li>\n\n\n\n<li>UNIVERSIDAD DE ALMER\u00cdA (ES)<\/li>\n\n\n\n<li>CONSIGLIO NAZIONALE DELLE RICERCHE (IT)<\/li>\n\n\n\n<li>AGRICOLUS SRL (IT)<\/li>\n\n\n\n<li>CSITA ZS (CS)<\/li>\n\n\n\n<li>CONSORZIO UNIVERSITARIO IN INGEGNERIA PER LA QUALIT\u00c0 E L&#039;INNOVAZIONE (IT)<\/li>\n\n\n\n<li>XPERIENCIA VIRTUAL SL (ES)<\/li>\n\n\n\n<li>APRA SPA (IT)<\/li>\n\n\n\n<li>GEOPONIKO PANEPISTIMION ATHINON (GR)<\/li>\n<\/ol>","protected":false},"excerpt":{"rendered":"<p>AGRITECH EU \u2013 DIGITAL AGRICULTURE FOR SUSTAINABLE DEVELOPMENT 1. 1. 2024 \u2013 30. 12. 2027 The AGRITECH EU \u2013 Digital Agriculture for Sustainable Development project aims to create a European catalogue of advanced training modules for professionals in digital agriculture. The project involves a network of 13 international partners, coordinated by the Department of Agricultural, Food and Agro-Environmental Sciences of the University of Pisa. Newsletter (EN) Newsletter (CZ) News The AGRITECH EU project will strengthen agricultural education by integrating digital technologies. Through joint efforts in curriculum development and partnerships, the project aims to equip future agricultural professionals with the necessary knowledge and skills to succeed in a digitalized agricultural landscape. The AGRITECH EU project represents a joint<\/p>","protected":false},"author":19,"featured_media":0,"parent":45,"menu_order":0,"comment_status":"closed","ping_status":"closed","template":"","meta":{"_eb_attr":"","_uag_custom_page_level_css":"","ngg_post_thumbnail":0,"footnotes":""},"class_list":["post-12257","page","type-page","status-publish","hentry"],"uagb_featured_image_src":{"full":false,"thumbnail":false,"medium":false,"medium_large":false,"large":false,"1536x1536":false,"2048x2048":false,"trp-custom-language-flag":false},"uagb_author_info":{"display_name":"\u0160t\u011bp\u00e1nka","author_link":"https:\/\/kit.pef.czu.cz\/en\/zpravy-akce-prednasky\/author\/xpros019studenti-czu-cz\/"},"uagb_comment_info":0,"uagb_excerpt":"AGRITECH EU &#8211; DIGITAL AGRICULTURE FOR SUSTAINABLE DEVELOPMENT 1. 1. 2024 \u2013 30. 12. 2027 Projekt AGRITECH EU \u2013 Digit\u00e1ln\u00ed zem\u011bd\u011blstv\u00ed pro udr\u017eiteln\u00fd rozvoj si klade za c\u00edl vytvo\u0159it evropsk\u00fd katalog pokro\u010dil\u00fdch vzd\u011bl\u00e1vac\u00edch modul\u016f pro odborn\u00edky v digit\u00e1ln\u00edm zem\u011bd\u011blstv\u00ed. Projekt zahrnuje s\u00ed\u0165 13 mezin\u00e1rodn\u00edch partner\u016f, kterou koordinuje Katedra zem\u011bd\u011blsk\u00fdch, potravin\u00e1\u0159sk\u00fdch a agroenvironment\u00e1ln\u00edch v\u011bd Univerzity v&hellip;","_links":{"self":[{"href":"https:\/\/kit.pef.czu.cz\/en\/wp-json\/wp\/v2\/pages\/12257","targetHints":{"allow":["GET"]}}],"collection":[{"href":"https:\/\/kit.pef.czu.cz\/en\/wp-json\/wp\/v2\/pages"}],"about":[{"href":"https:\/\/kit.pef.czu.cz\/en\/wp-json\/wp\/v2\/types\/page"}],"author":[{"embeddable":true,"href":"https:\/\/kit.pef.czu.cz\/en\/wp-json\/wp\/v2\/users\/19"}],"replies":[{"embeddable":true,"href":"https:\/\/kit.pef.czu.cz\/en\/wp-json\/wp\/v2\/comments?post=12257"}],"version-history":[{"count":1,"href":"https:\/\/kit.pef.czu.cz\/en\/wp-json\/wp\/v2\/pages\/12257\/revisions"}],"predecessor-version":[{"id":13256,"href":"https:\/\/kit.pef.czu.cz\/en\/wp-json\/wp\/v2\/pages\/12257\/revisions\/13256"}],"up":[{"embeddable":true,"href":"https:\/\/kit.pef.czu.cz\/en\/wp-json\/wp\/v2\/pages\/45"}],"wp:attachment":[{"href":"https:\/\/kit.pef.czu.cz\/en\/wp-json\/wp\/v2\/media?parent=12257"}],"curies":[{"name":"wp","href":"https:\/\/api.w.org\/{rel}","templated":true}]}}