{"id":11848,"date":"2024-02-28T21:49:07","date_gmt":"2024-02-28T20:49:07","guid":{"rendered":"https:\/\/kit.pef.czu.cz\/?page_id=11848"},"modified":"2025-10-01T17:36:36","modified_gmt":"2025-10-01T15:36:36","slug":"informace-k-systemu-dochazky-na-cyklus-prednasek-odborniku-z-praxe-ict","status":"publish","type":"page","link":"https:\/\/kit.pef.czu.cz\/en\/informace-k-systemu-dochazky-na-cyklus-prednasek-odborniku-z-praxe-ict\/","title":{"rendered":"INFORMATION ON THE ATTENDANCE SYSTEM FOR THE LECTURE CYCLE OF ICT EXPERTS"},"content":{"rendered":"<figure class=\"wp-block-table\"><table><tbody><tr><td><\/td><\/tr><\/tbody><\/table><\/figure>\n\n\n<p class=\"c-article__intro\">In the winter semester 2025\/2026, attendance at the ICT Expert Lecture Series will be recorded via electronic attendance records.<\/p>\n<p>Attendance at selected lectures is electronically recorded using an ISIC card. Each student will have to confirm their attendance by holding the card to the reader.<\/p>\n<p>&nbsp;<\/p>\n<div class=\"post\">\n<p>The reading device will not be present for the entire duration of the lecture, but will be ready at a randomly selected time during the lecture.<\/p>\n<p><strong>You must always have an active ISIC card (hereinafter also referred to as an ID card) with you!<\/strong> The card is activated at the Student Cashier&#039;s Office. An inactive card will not be identified by the reader and your attendance at lectures will not be recorded.<\/p>\n<p>&nbsp;<\/p>\n<p><strong>Non-participation in compulsory lectures may lead to the non-awarding of credit for the selected subject<\/strong> at CZU.<\/p>\n<p>&nbsp;<\/p>\n<\/div>\n<div>Note:<\/div>\n<div><strong>Students are required to attend at least one professional lecture (or two, if specified in the course conditions) of their own choice from the given cycle (credit condition). Attention, listeners outside the selected target group (guests - students from other subjects, etc.) will also use electronic attendance records using an ISIC card.<\/strong><\/div>\n<p>&nbsp;<\/p>\n<p>&nbsp;<\/p>\n<p>&nbsp;<\/p>\n<p>&nbsp;<\/p>","protected":false},"excerpt":{"rendered":"<p>In the winter semester 2025\/2026, attendance at the ICT Practice Experts Lecture Series will be recorded via electronic attendance records. Attendance at selected lectures is recorded electronically using an ISIC card. Each student will have to confirm their participation by placing their card on the reading device. The reading device will not be present for the entire duration of the lecture, but will be ready at a randomly selected time during the lecture. It is necessary to always have an active ISIC card (hereinafter also the ID card) with you! Card activation takes place at the Student Cashier&#039;s Office. An inactive card will not be identified by the reading device and your participation in the lectures will not be recorded. Failure to attend mandatory lectures may result in the non-awarding of credit from<\/p>","protected":false},"author":4,"featured_media":0,"parent":0,"menu_order":0,"comment_status":"closed","ping_status":"closed","template":"","meta":{"_eb_attr":"","_uag_custom_page_level_css":"","ngg_post_thumbnail":0,"footnotes":""},"class_list":["post-11848","page","type-page","status-publish","hentry"],"uagb_featured_image_src":{"full":false,"thumbnail":false,"medium":false,"medium_large":false,"large":false,"1536x1536":false,"2048x2048":false,"trp-custom-language-flag":false},"uagb_author_info":{"display_name":"Eva K\u00e1nsk\u00e1","author_link":"https:\/\/kit.pef.czu.cz\/en\/zpravy-akce-prednasky\/author\/kanska\/"},"uagb_comment_info":0,"uagb_excerpt":"V zimn\u00edm semestru 2025\/2026 bude na Cyklu p\u0159edn\u00e1\u0161ek odborn\u00edk\u016f z praxe ICT evidov\u00e1na doch\u00e1zka prost\u0159ednictv\u00edm elektronick\u00e9 evidence doch\u00e1zky. Na zvolen\u00fdch p\u0159edn\u00e1\u0161k\u00e1ch je elektronicky evidov\u00e1na doch\u00e1zka pomoc\u00ed ISIC karty. Ka\u017ed\u00fd student bude muset potvrdit svou \u00fa\u010dast p\u0159ilo\u017een\u00edm karty ke \u010dtec\u00edmu za\u0159\u00edzen\u00ed. &nbsp; \u010ctec\u00ed za\u0159\u00edzen\u00ed nebude p\u0159\u00edtomno po celou dobu p\u0159edn\u00e1\u0161ky, ale bude p\u0159ipraveno v n\u00e1hodn\u011b vybranou&hellip;","_links":{"self":[{"href":"https:\/\/kit.pef.czu.cz\/en\/wp-json\/wp\/v2\/pages\/11848","targetHints":{"allow":["GET"]}}],"collection":[{"href":"https:\/\/kit.pef.czu.cz\/en\/wp-json\/wp\/v2\/pages"}],"about":[{"href":"https:\/\/kit.pef.czu.cz\/en\/wp-json\/wp\/v2\/types\/page"}],"author":[{"embeddable":true,"href":"https:\/\/kit.pef.czu.cz\/en\/wp-json\/wp\/v2\/users\/4"}],"replies":[{"embeddable":true,"href":"https:\/\/kit.pef.czu.cz\/en\/wp-json\/wp\/v2\/comments?post=11848"}],"version-history":[{"count":4,"href":"https:\/\/kit.pef.czu.cz\/en\/wp-json\/wp\/v2\/pages\/11848\/revisions"}],"predecessor-version":[{"id":13643,"href":"https:\/\/kit.pef.czu.cz\/en\/wp-json\/wp\/v2\/pages\/11848\/revisions\/13643"}],"wp:attachment":[{"href":"https:\/\/kit.pef.czu.cz\/en\/wp-json\/wp\/v2\/media?parent=11848"}],"curies":[{"name":"wp","href":"https:\/\/api.w.org\/{rel}","templated":true}]}}