{"id":11146,"date":"2023-10-24T14:39:25","date_gmt":"2023-10-24T12:39:25","guid":{"rendered":"https:\/\/kit.pef.czu.cz\/wp\/?page_id=11146"},"modified":"2025-10-13T10:16:05","modified_gmt":"2025-10-13T08:16:05","slug":"media-kit","status":"publish","type":"page","link":"https:\/\/kit.pef.czu.cz\/en\/media-kit\/","title":{"rendered":"MEDIA KIT"},"content":{"rendered":"<h2 class=\"wp-block-heading\">Media package of the Department of Information Technology, Faculty of Economics and Business, \u010cZL<\/h2>\n\n\n\n<p>The package includes logos, QR codes, presentation templates, and graphic materials for the official use of the department.<br>Designed for both students and employees to ensure a unified visual identity.<\/p>\n\n\n\n<div class=\"wp-block-file\"><a id=\"wp-block-file--media-3d2a1dc1-84c4-41b5-a74a-2edee1049107\" href=\"http:\/\/kit.pef.czu.cz\/wp-content\/uploads\/2024\/10\/KIT-loga-prezentace-QR-kody.zip\">KIT \u2013 logos, presentations, QR codes<\/a><a href=\"http:\/\/kit.pef.czu.cz\/wp-content\/uploads\/2024\/10\/KIT-loga-prezentace-QR-kody.zip\" class=\"wp-block-file__button wp-element-button\" download aria-describedby=\"wp-block-file--media-3d2a1dc1-84c4-41b5-a74a-2edee1049107\">Download<\/a><\/div>\n\n\n\n<p><\/p>","protected":false},"excerpt":{"rendered":"<p>Medi\u00e1ln\u00ed bal\u00ed\u010dek Katedry informa\u010dn\u00edch technologi\u00ed PEF \u010cZU Bal\u00ed\u010dek obsahuje loga, QR k\u00f3dy, prezenta\u010dn\u00ed \u0161ablony a grafick\u00e9 podklady pro ofici\u00e1ln\u00ed pou\u017eit\u00ed katedry.Ur\u010deno pro studenty i zam\u011bstnance k zaji\u0161t\u011bn\u00ed jednotn\u00e9 vizu\u00e1ln\u00ed identity.<\/p>","protected":false},"author":1,"featured_media":0,"parent":0,"menu_order":0,"comment_status":"closed","ping_status":"closed","template":"","meta":{"_eb_attr":"","_uag_custom_page_level_css":"","ngg_post_thumbnail":0,"footnotes":""},"class_list":["post-11146","page","type-page","status-publish","hentry"],"uagb_featured_image_src":{"full":false,"thumbnail":false,"medium":false,"medium_large":false,"large":false,"1536x1536":false,"2048x2048":false,"trp-custom-language-flag":false},"uagb_author_info":{"display_name":"admin","author_link":"https:\/\/kit.pef.czu.cz\/en\/zpravy-akce-prednasky\/author\/admin\/"},"uagb_comment_info":0,"uagb_excerpt":"Medi\u00e1ln\u00ed bal\u00ed\u010dek Katedry informa\u010dn\u00edch technologi\u00ed PEF \u010cZU Bal\u00ed\u010dek obsahuje loga, QR k\u00f3dy, prezenta\u010dn\u00ed \u0161ablony a grafick\u00e9 podklady pro ofici\u00e1ln\u00ed pou\u017eit\u00ed katedry.Ur\u010deno pro studenty i zam\u011bstnance k zaji\u0161t\u011bn\u00ed jednotn\u00e9 vizu\u00e1ln\u00ed identity.","_links":{"self":[{"href":"https:\/\/kit.pef.czu.cz\/en\/wp-json\/wp\/v2\/pages\/11146","targetHints":{"allow":["GET"]}}],"collection":[{"href":"https:\/\/kit.pef.czu.cz\/en\/wp-json\/wp\/v2\/pages"}],"about":[{"href":"https:\/\/kit.pef.czu.cz\/en\/wp-json\/wp\/v2\/types\/page"}],"author":[{"embeddable":true,"href":"https:\/\/kit.pef.czu.cz\/en\/wp-json\/wp\/v2\/users\/1"}],"replies":[{"embeddable":true,"href":"https:\/\/kit.pef.czu.cz\/en\/wp-json\/wp\/v2\/comments?post=11146"}],"version-history":[{"count":1,"href":"https:\/\/kit.pef.czu.cz\/en\/wp-json\/wp\/v2\/pages\/11146\/revisions"}],"predecessor-version":[{"id":13670,"href":"https:\/\/kit.pef.czu.cz\/en\/wp-json\/wp\/v2\/pages\/11146\/revisions\/13670"}],"wp:attachment":[{"href":"https:\/\/kit.pef.czu.cz\/en\/wp-json\/wp\/v2\/media?parent=11146"}],"curies":[{"name":"wp","href":"https:\/\/api.w.org\/{rel}","templated":true}]}}