{"id":41,"date":"2023-02-13T18:43:57","date_gmt":"2023-02-13T17:43:57","guid":{"rendered":"http:\/\/kit.pef.czu.cz\/?page_id=41"},"modified":"2023-03-20T16:39:30","modified_gmt":"2023-03-20T15:39:30","slug":"vedecko-vyzkumna-cinnost","status":"publish","type":"page","link":"http:\/\/kit.pef.czu.cz\/en\/vedecko-vyzkumna-cinnost\/","title":{"rendered":"Scientific research activity"},"content":{"rendered":"<div class=\"section-wrapper\" data-id=\"3kbhQh\"><section class=\"wp-block-gutenverse-section guten-element guten-section guten-3kbhQh layout-boxed align-stretch\"><div class=\"guten-background-overlay\"><\/div><div class=\"guten-shape-divider guten-shape-divider-top\"><\/div><div class=\"guten-shape-divider guten-shape-divider-bottom\"><\/div><div class=\"guten-container guten-column-gap-default\">\n<div class=\"wp-block-gutenverse-column guten-element guten-column guten-7HC4Ra\"><div class=\"guten-background-overlay\"><\/div><div class=\"sticky-wrapper\" data-id=\"7HC4Ra\"><div class=\"guten-column-wrapper\">\n<h5 class=\"wp-block-gutenverse-heading guten-element guten-HZVxtx\">In scientific research, the department specializes in applied research, which, in accordance with the focus of the university and the faculty, is standardly oriented towards agricultural, forestry, water management, environmental and regional environment and education.<\/h5>\n<\/div><\/div><\/div>\n<\/div><\/section><\/div>\n\n\n\n<div class=\"section-wrapper\" data-id=\"6WSIIx\"><section class=\"wp-block-gutenverse-section guten-element guten-section guten-6WSIIx layout-boxed align-stretch\"><div class=\"guten-background-overlay\"><\/div><div class=\"guten-shape-divider guten-shape-divider-top\"><\/div><div class=\"guten-shape-divider guten-shape-divider-bottom\"><\/div><div class=\"guten-container guten-column-gap-default\">\n<div class=\"wp-block-gutenverse-column guten-element guten-column guten-SzztfV\"><div class=\"guten-background-overlay\"><\/div><div class=\"sticky-wrapper\" data-id=\"SzztfV\"><div class=\"guten-column-wrapper\">\n<div class=\"guten-element gutenverse-text-editor guten-H6I7XY\"><div class=\"text-content-inner\">\n<p>The results of the VV\u010c are published in prestigious publication titles, presented at domestic and foreign scientific conferences and used for obtaining financial resources from grant funds.<\/p>\n\n\n\n<p>Employees and doctoral students of the department are members of domestic and international scientific organizations and companies and participate in solving national and international projects, e.g.:<\/p>\n\n\n\n<ul class=\"wp-block-list\">\n<li>Virtual Open Access Agriculture &amp; Aquaculture Repository: Sharing Scientific and Scholarly Research related to Agriculture, Food, and Environment<\/li>\n\n\n\n<li>eFarmer \u2013 Stimulating entrepreneurship competitiveness and regional development in rural areas<\/li>\n\n\n\n<li>Use of open data in the agricultural sector<\/li>\n\n\n\n<li>Processing large data collections in JavaScript map APIs for the web environment<\/li>\n\n\n\n<li>Analysis and visualization of GPS telemetry outputs of deer in the Doupovsk\u00e9 hory and NP \u010cesk\u00e9 \u0160v\u00fdcarsko<\/li>\n<\/ul>\n\n\n\n<p>The outputs of the V\u010c and other activities of the Department of Information Technology are mainly:<\/p>\n\n\n\n<ul class=\"wp-block-list\">\n<li>supporting the development and use of information and communication technologies in the entire agrarian sector, in the countryside (in rural regions) and related fields,<\/li>\n\n\n\n<li>organization of meetings, conferences, seminars, trainings and workshops and creation of a space for the publication of the results of scientific activity,<\/li>\n\n\n\n<li>research, advisory, consulting and educational activities in the field of information and communication technologies,<\/li>\n\n\n\n<li>supporting educational activities focused on the field of applied informatics and helping to transfer the acquired know-how to the agricultural sector and rural regions as quickly as possible,<\/li>\n\n\n\n<li>expanding useful SW and HW applications.<\/li>\n<\/ul>\n<\/div><\/div>\n<\/div><\/div><\/div>\n<\/div><\/section><\/div>","protected":false},"excerpt":{"rendered":"","protected":false},"author":1,"featured_media":0,"parent":0,"menu_order":0,"comment_status":"closed","ping_status":"closed","template":"","meta":{"_eb_attr":"","_uag_custom_page_level_css":"","ngg_post_thumbnail":0,"footnotes":""},"class_list":["post-41","page","type-page","status-publish","hentry"],"uagb_featured_image_src":{"full":false,"thumbnail":false,"medium":false,"medium_large":false,"large":false,"1536x1536":false,"2048x2048":false,"trp-custom-language-flag":false},"uagb_author_info":{"display_name":"admin","author_link":"http:\/\/kit.pef.czu.cz\/en\/zpravy-akce-prednasky\/author\/admin\/"},"uagb_comment_info":0,"uagb_excerpt":null,"_links":{"self":[{"href":"http:\/\/kit.pef.czu.cz\/en\/wp-json\/wp\/v2\/pages\/41","targetHints":{"allow":["GET"]}}],"collection":[{"href":"http:\/\/kit.pef.czu.cz\/en\/wp-json\/wp\/v2\/pages"}],"about":[{"href":"http:\/\/kit.pef.czu.cz\/en\/wp-json\/wp\/v2\/types\/page"}],"author":[{"embeddable":true,"href":"http:\/\/kit.pef.czu.cz\/en\/wp-json\/wp\/v2\/users\/1"}],"replies":[{"embeddable":true,"href":"http:\/\/kit.pef.czu.cz\/en\/wp-json\/wp\/v2\/comments?post=41"}],"version-history":[{"count":0,"href":"http:\/\/kit.pef.czu.cz\/en\/wp-json\/wp\/v2\/pages\/41\/revisions"}],"wp:attachment":[{"href":"http:\/\/kit.pef.czu.cz\/en\/wp-json\/wp\/v2\/media?parent=41"}],"curies":[{"name":"wp","href":"https:\/\/api.w.org\/{rel}","templated":true}]}}