{"id":12739,"date":"2024-11-18T09:56:41","date_gmt":"2024-11-18T08:56:41","guid":{"rendered":"https:\/\/kit.pef.czu.cz\/?page_id=12739"},"modified":"2024-11-18T09:56:41","modified_gmt":"2024-11-18T08:56:41","slug":"skripta","status":"publish","type":"page","link":"http:\/\/kit.pef.czu.cz\/en\/skripta\/","title":{"rendered":"Script"},"content":{"rendered":"<p><\/p>\n\n\n\n<p><strong>Materials for download, for scripts published by KIT PEF \u010cZU in Prague<\/strong><\/p>\n\n\n\n<p><br><a href=\"https:\/\/drive.google.com\/drive\/u\/2\/folders\/189vGUYgIg2VbHMkzUIuInLMQL3f4DyLx\">Aspects and trends of current ICT development I<\/a><\/p>\n\n\n\n<p><a href=\"https:\/\/drive.google.com\/drive\/u\/2\/folders\/1a5RrcSMvTFN0YBi7a0KaoutUZhiZjZCO\">Aspects and trends of current ICT development II Online office<\/a><\/p>\n\n\n\n<p><a href=\"https:\/\/drive.google.com\/drive\/u\/2\/folders\/1R7fVJ08d9wBH951CbD43B5aAyAGmIsj7\">Aspects and trends of current ICT development III \u2013 eBusiness<\/a><\/p>\n\n\n\n<p><\/p>\n\n\n\n<p><strong>Practice materials<\/strong><\/p>\n\n\n\n<p><a href=\"https:\/\/drive.google.com\/drive\/folders\/1dZ6cLKvqTez_difwFL5erInOoIDqT6W9\">PowerBI<\/a><\/p>\n\n\n\n<p><\/p>","protected":false},"excerpt":{"rendered":"<p>Downloadable materials for scripts published by KIT PEF \u010cZU in Prague Aspects and trends of current ICT development I Aspects and trends of current ICT development II Online office Aspects and trends of current ICT development III \u2013 eBusiness Materials for practicing PowerBI<\/p>","protected":false},"author":4,"featured_media":0,"parent":0,"menu_order":0,"comment_status":"closed","ping_status":"closed","template":"","meta":{"_eb_attr":"","_uag_custom_page_level_css":"","ngg_post_thumbnail":0,"footnotes":""},"class_list":["post-12739","page","type-page","status-publish","hentry"],"uagb_featured_image_src":{"full":false,"thumbnail":false,"medium":false,"medium_large":false,"large":false,"1536x1536":false,"2048x2048":false,"trp-custom-language-flag":false},"uagb_author_info":{"display_name":"Eva K\u00e1nsk\u00e1","author_link":"http:\/\/kit.pef.czu.cz\/en\/zpravy-akce-prednasky\/author\/kanska\/"},"uagb_comment_info":0,"uagb_excerpt":"Materi\u00e1ly ke sta\u017een\u00ed, ke skript\u016fm vydan\u00fdm KIT PEF \u010cZU v Praze Aspekty a trendy sou\u010dasn\u00e9ho rozvoje ICT I Aspekty a trendy sou\u010dasn\u00e9ho rozvoje ICT II Kancel\u00e1\u0159 on-line Aspekty a trendy sou\u010dasn\u00e9ho rozvoje ICT III &#8211; eBusiness Materi\u00e1ly k procvi\u010den\u00ed PowerBI","_links":{"self":[{"href":"http:\/\/kit.pef.czu.cz\/en\/wp-json\/wp\/v2\/pages\/12739","targetHints":{"allow":["GET"]}}],"collection":[{"href":"http:\/\/kit.pef.czu.cz\/en\/wp-json\/wp\/v2\/pages"}],"about":[{"href":"http:\/\/kit.pef.czu.cz\/en\/wp-json\/wp\/v2\/types\/page"}],"author":[{"embeddable":true,"href":"http:\/\/kit.pef.czu.cz\/en\/wp-json\/wp\/v2\/users\/4"}],"replies":[{"embeddable":true,"href":"http:\/\/kit.pef.czu.cz\/en\/wp-json\/wp\/v2\/comments?post=12739"}],"version-history":[{"count":1,"href":"http:\/\/kit.pef.czu.cz\/en\/wp-json\/wp\/v2\/pages\/12739\/revisions"}],"predecessor-version":[{"id":12740,"href":"http:\/\/kit.pef.czu.cz\/en\/wp-json\/wp\/v2\/pages\/12739\/revisions\/12740"}],"wp:attachment":[{"href":"http:\/\/kit.pef.czu.cz\/en\/wp-json\/wp\/v2\/media?parent=12739"}],"curies":[{"name":"wp","href":"https:\/\/api.w.org\/{rel}","templated":true}]}}